{"id":94,"date":"2019-07-02T19:29:38","date_gmt":"2019-07-02T17:29:38","guid":{"rendered":"http:\/\/cvjm-meiderich.de\/?page_id=94"},"modified":"2019-07-02T19:29:38","modified_gmt":"2019-07-02T17:29:38","slug":"datenschutzerklaerung","status":"publish","type":"page","link":"https:\/\/cvjm-meiderich.de\/index.php\/datenschutzerklaerung\/","title":{"rendered":"Datenschutzerkl\u00e4rung"},"content":{"rendered":"<p>\n<!--StartFragment--><\/p>\n\n\n<h2 class=\"wp-block-heading\"> 1. Datenschutz auf einen Blick <\/h2>\n\n\n\n<h3 class=\"wp-block-heading\"> Allgemeine Hinweise <\/h3>\n\n\n\n<p>\nDie folgenden Hinweise geben einen einfachen \u00dcberblick dar\u00fcber, was mit \nIhren personenbezogenen Daten passiert, wenn Sie unsere Website \nbesuchen. Personenbezogene Daten sind alle Daten, mit denen Sie \npers\u00f6nlich identifiziert werden k\u00f6nnen. Ausf\u00fchrliche Informationen zum \nThema Datenschutz entnehmen Sie unserer unter diesem Text aufgef\u00fchrten \nDatenschutzerkl\u00e4rung.\n\n<\/p>\n\n\n\n<h3 class=\"wp-block-heading\"> Datenerfassung auf unserer Website <\/h3>\n\n\n\n<h4 class=\"wp-block-heading\">Wer ist verantwortlich f\u00fcr die Datenerfassung auf dieser Website?<\/h4>\n\n\n\n<p>Die Datenverarbeitung auf dieser Website erfolgt durch den \nWebsitebetreiber. Dessen Kontaktdaten k\u00f6nnen Sie dem Impressum dieser \nWebsite entnehmen.<\/p>\n\n\n\n<h4 class=\"wp-block-heading\"><br>Wie erfassen wir Ihre Daten?<\/h4>\n\n\n\n<p>Ihre Daten werden zum einen dadurch erhoben, dass Sie uns diese \nmitteilen. Hierbei kann es sich z.B. um Daten handeln, die Sie in ein \nKontaktformular eingeben.<\/p>\n\n\n\n<p>Andere Daten werden automatisch beim Besuch der Website durch unsere \nIT-Systeme erfasst. Das sind vor allem technische Daten (z.B. \nInternetbrowser, Betriebssystem oder Uhrzeit des Seitenaufrufs). Die \nErfassung dieser Daten erfolgt automatisch, sobald Sie unsere Website \nbetreten.<\/p>\n\n\n\n<h4 class=\"wp-block-heading\">Wof\u00fcr nutzen wir Ihre Daten?<\/h4>\n\n\n\n<p>Ein Teil der Daten wird erhoben, um eine fehlerfreie Bereitstellung \nder Website zu gew\u00e4hrleisten. Andere Daten k\u00f6nnen zur Analyse Ihres \nNutzerverhaltens verwendet werden.<\/p>\n\n\n\n<h4 class=\"wp-block-heading\"><br>Welche Rechte haben Sie bez\u00fcglich Ihrer Daten?<\/h4>\n\n\n\n<p>Sie haben jederzeit das Recht unentgeltlich Auskunft \u00fcber Herkunft, \nEmpf\u00e4nger und Zweck Ihrer gespeicherten personenbezogenen Daten zu \nerhalten. Sie haben au\u00dferdem ein Recht, die Berichtigung, Sperrung oder \nL\u00f6schung dieser Daten zu verlangen. Hierzu sowie zu weiteren Fragen zum \nThema<br>Datenschutz k\u00f6nnen Sie sich jederzeit unter der im Impressum \nangegebenen Adresse an uns wenden. Des Weiteren steht Ihnen ein \nBeschwerderecht bei der zust\u00e4ndigen Aufsichtsbeh\u00f6rde zu.<\/p>\n\n\n\n<h2 class=\"wp-block-heading\"> 2. Allgemeine Hinweise und Pflichtinformationen <\/h2>\n\n\n\n<h3 class=\"wp-block-heading\">  Datenschutz <\/h3>\n\n\n\n<p><br>Die Betreiber dieser Seiten  nehmen den Schutz Ihrer pers\u00f6nlichen Daten sehr ernst. Wir behandeln  Ihre personenbezogenen Daten vertraulich und entsprechend der  gesetzlichen Datenschutzvorschriften sowie dieser Datenschutzerkl\u00e4rung.<br>Wenn  Sie diese Website benutzen, werden verschiedene personenbezogene Daten  erhoben. Personenbezogene Daten sind Daten, mit denen Sie pers\u00f6nlich  identifiziert werden k\u00f6nnen. Die vorliegende Datenschutzerkl\u00e4rung  erl\u00e4utert, welche Daten wir erheben und wof\u00fcr wir sie nutzen. Sie  erl\u00e4utert auch, wie und zu welchem Zweck das geschieht.<br>Wir weisen  darauf hin, dass die Daten\u00fcbertragung im Internet (z.B. bei der  Kommunikation per E-Mail) Sicherheitsl\u00fccken aufweisen kann. Ein  l\u00fcckenloser Schutz der Daten vor dem Zugriff durch Dritte ist nicht  m\u00f6glich. <\/p>\n\n\n\n<h3 class=\"wp-block-heading\"> Hinweis zur verantwortlichen Stelle <\/h3>\n\n\n\n<p>Die verantwortliche Stelle f\u00fcr die Datenverarbeitung auf dieser Website ist:<\/p>\n\n\n\n<p>CVJM Meiderich e. V.<br>Emilstr. 27-29<br>47138 Duisburg<\/p>\n\n\n\n<p>E-Mail: <a href=\"mailto:info@cvjm-westbund.de\">cvjm-meiderich@t-online.de<\/a><\/p>\n\n\n\n<p>Verantwortliche Stelle ist die nat\u00fcrliche oder juristische Person, \ndie allein oder gemeinsam mit anderen \u00fcber die Zwecke und Mittel der \nVerarbeitung von personenbezogenen Daten (z.B. Namen, E-Mail-Adressen o.\n \u00c4.) entscheidet.<\/p>\n\n\n\n<h3 class=\"wp-block-heading\">Widerruf Ihrer Einwilligung zur Datenverarbeitung<\/h3>\n\n\n\n<p>Viele Datenverarbeitungsvorg\u00e4nge sind nur mit Ihrer ausdr\u00fccklichen  Einwilligung m\u00f6glich. Sie k\u00f6nnen eine bereits erteilte Einwilligung  jederzeit widerrufen. Dazu reicht eine formlose Mitteilung per E-Mail an  uns. Die Rechtm\u00e4\u00dfigkeit der bis zum Widerruf erfolgten  Datenverarbeitung bleibt vom Widerruf unber\u00fchrt. <\/p>\n\n\n\n<h3 class=\"wp-block-heading\"> Beschwerderecht bei der zust\u00e4ndigen Aufsichtsbeh\u00f6rde <\/h3>\n\n\n\n<p>Im Falle datenschutzrechtlicher Verst\u00f6\u00dfe steht dem Betroffenen ein  Beschwerderecht bei der zust\u00e4ndigen Aufsichtsbeh\u00f6rde zu. Zust\u00e4ndige  Aufsichtsbeh\u00f6rde in datenschutzrechtlichen Fragen ist der  Landesdatenschutzbeauftragte des Bundeslandes, in dem unser Unternehmen  seinen Sitz hat. Eine Liste der Datenschutzbeauftragten sowie deren  Kontaktdaten k\u00f6nnen folgendem Link entnommen werden:<br><a href=\"https:\/\/www.bfdi.bund.de\/DE\/Infothek\/Anschriften_Links\/anschriften_links-node.html\">https:\/\/www.bfdi.bund.de\/DE\/Infothek\/Anschriften_Links\/anschriften_links-node.html<\/a><\/p>\n\n\n\n<h3 class=\"wp-block-heading\"> Recht auf Daten\u00fcbertragbarkeit <\/h3>\n\n\n\n<p>\nSie haben das Recht, Daten, die wir auf Grundlage Ihrer Einwilligung \noder in Erf\u00fcllung eines Vertrags automatisiert verarbeiten, an sich oder\n an einen Dritten in einem g\u00e4ngigen, maschinenlesbaren Format \naush\u00e4ndigen zu lassen. Sofern Sie die direkte \u00dcbertragung der Daten an \neinen anderen Verantwortlichen verlangen, erfolgt dies nur, soweit es \ntechnisch machbar ist.\n\n<\/p>\n\n\n\n<h3 class=\"wp-block-heading\"> SSL- bzw. TLS-Verschl\u00fcsselung <\/h3>\n\n\n\n<p>Diese Seite nutzt aus Sicherheitsgr\u00fcnden und zum Schutz der \n\u00dcbertragung vertraulicher Inhalte, wie zum Beispiel Bestellungen oder \nAnfragen, die Sie an uns als Seitenbetreiber senden, eine SSL-bzw. \nTLSVerschl\u00fcsselung. Eine verschl\u00fcsselte Verbindung erkennen Sie daran, \ndass die Adresszeile des<br>Browsers von \u201chttp:\/\/\u201d auf \u201chttps:\/\/\u201d wechselt und an dem Schloss-Symbol in Ihrer Browserzeile.<\/p>\n\n\n\n<p>Wenn die SSL- bzw. TLS-Verschl\u00fcsselung aktiviert ist, k\u00f6nnen die \nDaten, die Sie an uns \u00fcbermitteln, nicht von Dritten mitgelesen werden.<\/p>\n\n\n\n<h3 class=\"wp-block-heading\"> Auskunft, Sperrung, L\u00f6schung <\/h3>\n\n\n\n<p>\nSie haben im Rahmen der geltenden gesetzlichen Bestimmungen jederzeit \ndas Recht auf unentgeltliche Auskunft \u00fcber Ihre gespeicherten \npersonenbezogenen Daten, deren Herkunft und Empf\u00e4nger und den Zweck der \nDatenverarbeitung und ggf. ein Recht auf Berichtigung, Sperrung oder \nL\u00f6schung dieser Daten. Hierzu sowie zu weiteren Fragen zum Thema \npersonenbezogene Daten k\u00f6nnen Sie sich jederzeit unter<br>der im Impressum angegebenen Adresse an uns wenden.\n\n<\/p>\n\n\n\n<h3 class=\"wp-block-heading\"> Widerspruch gegen Werbe-Mails <\/h3>\n\n\n\n<p>\nDer Nutzung von im Rahmen der Impressumspflicht ver\u00f6ffentlichten \nKontaktdaten zur \u00dcbersendung von nicht ausdr\u00fccklich angeforderter \nWerbung und Informationsmaterialien wird hiermit widersprochen. Die \nBetreiber der Seiten behalten sich ausdr\u00fccklich rechtliche Schritte im \nFalle der unverlangten Zusendung von Werbeinformationen, etwa durch \nSpam-E-Mails, vor.\n\n<\/p>\n\n\n\n<h2 class=\"wp-block-heading\">3. Datenerfassung auf unserer Website <\/h2>\n\n\n\n<h3 class=\"wp-block-heading\"> Cookies <\/h3>\n\n\n\n<p>\nDie Internetseiten verwenden teilweise so genannte Cookies. Cookies \nrichten auf Ihrem Rechner keinen Schaden an und enthalten keine Viren. \nCookies dienen dazu, unser Angebot nutzerfreundlicher, effektiver und \nsicherer zu machen. Cookies sind kleine Textdateien, die auf Ihrem \nRechner abgelegt werden und die Ihr Browser speichert.<br>Die meisten \nder von uns verwendeten Cookies sind so genannte \u201cSession-Cookies\u201d. Sie \nwerden nach Ende Ihres Besuchs automatisch gel\u00f6scht. Andere Cookies \nbleiben auf Ihrem Endger\u00e4t gespeichert bis Sie diese l\u00f6schen. Diese \nCookies erm\u00f6glichen es uns, Ihren Browser beim n\u00e4chsten Besuch \nwiederzuerkennen.<br>Sie k\u00f6nnen Ihren Browser so einstellen, dass Sie \n\u00fcber das Setzen von Cookies informiert werden und Cookies nur im \nEinzelfall erlauben, die Annahme von Cookies f\u00fcr bestimmte F\u00e4lle oder \ngenerell ausschlie\u00dfen sowie das automatische L\u00f6schen der Cookies beim \nSchlie\u00dfen des Browser aktivieren. Bei<br>der Deaktivierung von Cookies kann die Funktionalit\u00e4t dieser Website eingeschr\u00e4nkt sein.<br>Cookies,\n die zur Durchf\u00fchrung des elektronischen Kommunikationsvorgangs oder zur\n Bereitstellung bestimmter, von Ihnen erw\u00fcnschter Funktionen (z.B. \nWarenkorbfunktion) erforderlich sind, werden auf Grundlage von Art. 6 \nAbs. 1 lit. f DSGVO gespeichert. Der Websitebetreiber hat ein \nberechtigtes Interesse an der Speicherung von Cookies zur technisch \nfehlerfreien und optimierten Bereitstellung seiner Dienste. Soweit \nandere Cookies (z.B. Cookies zur Analyse Ihres Surfverhaltens) \ngespeichert werden, werden diese in dieser Datenschutzerkl\u00e4rung \ngesondert behandelt.\n\n<\/p>\n\n\n\n<h3 class=\"wp-block-heading\"> Server-Log-Dateien <\/h3>\n\n\n\n<p>Der Provider der Seiten erhebt und speichert automatisch \nInformationen in so genannten Server-Log- Dateien, die Ihr Browser \nautomatisch an uns \u00fcbermittelt. Dies sind:<\/p>\n\n\n\n<ul class=\"wp-block-list\"><li>Browsertyp und Browserversion<\/li><li>verwendetes Betriebssystem<\/li><li>Referrer URL<\/li><li>Hostname des zugreifenden Rechners<\/li><li>Uhrzeit der Serveranfrage<\/li><li>IP-Adresse<\/li><\/ul>\n\n\n\n<p>Eine Zusammenf\u00fchrung dieser Daten mit anderen Datenquellen wird nicht vorgenommen.<br>Grundlage\n f\u00fcr die Datenverarbeitung ist Art. 6 Abs. 1 lit. f DSGVO, der die \nVerarbeitung von Daten zur Erf\u00fcllung eines Vertrags oder \nvorvertraglicher Ma\u00dfnahmen gestattet.<\/p>\n\n\n<p><!--EndFragment--><\/p>","protected":false},"excerpt":{"rendered":"<p>1. Datenschutz auf einen Blick Allgemeine Hinweise Die folgenden Hinweise geben einen einfachen \u00dcberblick dar\u00fcber, was mit Ihren personenbezogenen Daten passiert, wenn Sie unsere Website besuchen. Personenbezogene Daten sind alle Daten, mit denen Sie pers\u00f6nlich identifiziert werden k\u00f6nnen. Ausf\u00fchrliche Informationen zum Thema Datenschutz entnehmen Sie unserer unter diesem Text aufgef\u00fchrten Datenschutzerkl\u00e4rung. Datenerfassung auf unserer Website [&hellip;]<\/p>\n","protected":false},"author":1,"featured_media":0,"parent":0,"menu_order":100,"comment_status":"closed","ping_status":"closed","template":"","meta":{"footnotes":""},"class_list":["post-94","page","type-page","status-publish","hentry"],"_links":{"self":[{"href":"https:\/\/cvjm-meiderich.de\/index.php\/wp-json\/wp\/v2\/pages\/94","targetHints":{"allow":["GET"]}}],"collection":[{"href":"https:\/\/cvjm-meiderich.de\/index.php\/wp-json\/wp\/v2\/pages"}],"about":[{"href":"https:\/\/cvjm-meiderich.de\/index.php\/wp-json\/wp\/v2\/types\/page"}],"author":[{"embeddable":true,"href":"https:\/\/cvjm-meiderich.de\/index.php\/wp-json\/wp\/v2\/users\/1"}],"replies":[{"embeddable":true,"href":"https:\/\/cvjm-meiderich.de\/index.php\/wp-json\/wp\/v2\/comments?post=94"}],"version-history":[{"count":0,"href":"https:\/\/cvjm-meiderich.de\/index.php\/wp-json\/wp\/v2\/pages\/94\/revisions"}],"wp:attachment":[{"href":"https:\/\/cvjm-meiderich.de\/index.php\/wp-json\/wp\/v2\/media?parent=94"}],"curies":[{"name":"wp","href":"https:\/\/api.w.org\/{rel}","templated":true}]}}