{"id":903,"date":"2022-11-07T19:14:50","date_gmt":"2022-11-07T18:14:50","guid":{"rendered":"https:\/\/cvjm-meiderich.de\/?page_id=903"},"modified":"2022-11-07T19:14:50","modified_gmt":"2022-11-07T18:14:50","slug":"bau-und-bibelcamp-2022","status":"publish","type":"page","link":"https:\/\/cvjm-meiderich.de\/index.php\/verein\/projekte\/bau-und-bibelcamps\/bau-und-bibelcamp-2022\/","title":{"rendered":"Bau- und Bibelcamp 2022"},"content":{"rendered":"\n<p><strong>Die Teilnehmer:<\/strong><br>Dabei waren 62 TeilnehmerInnen\/MitarbeiterInnen im Alter von knapp 1 Jahr bis 60 Jahre. An der Altersspanne erkennt man, dass sich das Camp zu einer Familienfreizeit wandelt. Das stellt uns als Leitungsteam vor neue Herausforderungen, denen wir uns gerne stellen wollen. Denn so lernen die Kinder fr\u00fch, was die Gemeinschaft im CVJM und das Camp bedeuten. Und die Eltern, denen das Camp teilweise selbst schon lange am Herzen liegt, k\u00f6nnen sich weiterhin einbringen und ihren Kindern zeigen, warum sie das so gerne machen.<br>Das K\u00fcchenteam war neu zusammengestellt und hat uns in der Zeit sehr gut verpflegt.<\/p>\n\n\n\n<p><strong>Der Bauteil:<\/strong><br>Ein gro\u00dfes Projekt war die Fertigstellung des Umbaus der H\u00fctte 106 mit einem etwas anderen Konzept. Gerade bei den Temperaturen war dies eine gro\u00dfe Anstrengung und wurde gerade so fertig. Weitere Baustellen waren Anstreich-\/Malerarbeiten (etwas, das nie aufh\u00f6rt) und der Bau einer (\u00fcber Winter abbaubaren) Bank rund um den Walnussbaum auf der Hacienda. Au\u00dferdem wurden vor H\u00fctte 107 und 111 die Terrassen erneuert. Zwischen H\u00fctte 108 und 109 wurde der Trampelpfad sicherer gestaltet. Das Kleinkram-Team hat an \u00fcber 80 Stellen im Camp Kleinreparaturen ausgef\u00fchrt. Nicht vergessen m\u00f6chte ich den Bereich Gr\u00fcnschnitt, der neben den wiederkehrenden Arbeiten (wie bei den Anstreichern) auch wieder B\u00e4nke f\u00fcr die Feuerstellen gebaut hat.<br>Und nicht vergessen werden darf der Aufbau des gro\u00dfen Zeltes f\u00fcr die nachfolgenden Camps. Bei sehr sommerlichen Temperaturen und brennender Sonne war dies eine gro\u00dfe Heraus-forderung.<\/p>\n\n\n\n<p><strong>Der Bibelteil:<\/strong><br>Hier ging es dieses Jahr um die Perlen des Glaubens, die auf verschiedene Weisen dargestellt und &#8222;bearbeitet&#8220; wurden.<br>Delila J. bot au\u00dferdem t\u00e4glich eine Einheit f\u00fcr die j\u00fcngeren Kinder an.<br>Am Freitagabend haben wir mit unserem traditionellen Baustellengottesdienst unsere Arbeit der Woche wahrgenommen und Gott f\u00fcr seine allgegenw\u00e4rtige Begleitung gedankt.<\/p>\n\n\n\n<p>Diese drei (cvjm-typisch!) Dinge sind uns bei der Freizeit wichtig, die Reihenfolge ist ohne Wertung. Sch\u00f6n ist, dass dabei auch dem Camp viel Gutes getan wird, um f\u00fcr viele Andere ein unvergesslicher Ort zu werden bzw. zu bleiben.<\/p>\n\n\n\n<p><\/p>\n\n\n\n<p>Weil nur Text nicht so sch\u00f6n ist, haben wir anschlie\u00dfend noch ein paar Fotos angeh\u00e4ngt.<\/p>\n\n\n\n<p>Das Leitungsteam<br>Kerstin M\u00f6ller, Sebastian Lotz und Georg Hucks<\/p>\n\n\n\n<p>P.S.: Nicht zu vergessen ist, dass wir keine nennenswerten Verletzungen und keinen (zumindest uns bekannten) Corona-Fall hatten. Gott sei Dank!<\/p>\n\n\n\n<p>Ein paar Eindr\u00fccke vom BBC 2022 (nur da, wo keine Personen vorhanden oder erkennbar sind):<\/p>\n\n\n\n<figure class=\"wp-block-image size-full\"><img loading=\"lazy\" decoding=\"async\" width=\"605\" height=\"454\" src=\"https:\/\/cvjm-meiderich.de\/wp-content\/uploads\/2022\/11\/grafik.png\" alt=\"\" class=\"wp-image-904\" srcset=\"https:\/\/cvjm-meiderich.de\/wp-content\/uploads\/2022\/11\/grafik.png 605w, https:\/\/cvjm-meiderich.de\/wp-content\/uploads\/2022\/11\/grafik-300x225.png 300w, https:\/\/cvjm-meiderich.de\/wp-content\/uploads\/2022\/11\/grafik-138x104.png 138w, https:\/\/cvjm-meiderich.de\/wp-content\/uploads\/2022\/11\/grafik-444x333.png 444w\" sizes=\"auto, (max-width: 605px) 100vw, 605px\" \/><\/figure>\n\n\n\n<p>All Morgen ist \u2026<\/p>\n\n\n\n<figure class=\"wp-block-image size-full\"><img loading=\"lazy\" decoding=\"async\" width=\"605\" height=\"454\" src=\"https:\/\/cvjm-meiderich.de\/wp-content\/uploads\/2022\/11\/grafik-2.png\" alt=\"\" class=\"wp-image-906\" srcset=\"https:\/\/cvjm-meiderich.de\/wp-content\/uploads\/2022\/11\/grafik-2.png 605w, https:\/\/cvjm-meiderich.de\/wp-content\/uploads\/2022\/11\/grafik-2-300x225.png 300w, https:\/\/cvjm-meiderich.de\/wp-content\/uploads\/2022\/11\/grafik-2-138x104.png 138w, https:\/\/cvjm-meiderich.de\/wp-content\/uploads\/2022\/11\/grafik-2-444x333.png 444w\" sizes=\"auto, (max-width: 605px) 100vw, 605px\" \/><\/figure>\n\n\n\n<p> das Spielger\u00fcst \u2013 eine Aktion von Herbst 2021 bis Sommer 2022<\/p>\n\n\n\n<figure class=\"wp-block-image size-full\"><img loading=\"lazy\" decoding=\"async\" width=\"256\" height=\"384\" src=\"https:\/\/cvjm-meiderich.de\/wp-content\/uploads\/2022\/11\/grafik-3.png\" alt=\"\" class=\"wp-image-907\" srcset=\"https:\/\/cvjm-meiderich.de\/wp-content\/uploads\/2022\/11\/grafik-3.png 256w, https:\/\/cvjm-meiderich.de\/wp-content\/uploads\/2022\/11\/grafik-3-200x300.png 200w\" sizes=\"auto, (max-width: 256px) 100vw, 256px\" \/><\/figure>\n\n\n\n<p>flei\u00dfige Putzkr\u00e4fte<\/p>\n\n\n\n<figure class=\"wp-block-image size-full\"><img loading=\"lazy\" decoding=\"async\" width=\"346\" height=\"230\" src=\"https:\/\/cvjm-meiderich.de\/wp-content\/uploads\/2022\/11\/grafik-4.png\" alt=\"\" class=\"wp-image-908\" srcset=\"https:\/\/cvjm-meiderich.de\/wp-content\/uploads\/2022\/11\/grafik-4.png 346w, https:\/\/cvjm-meiderich.de\/wp-content\/uploads\/2022\/11\/grafik-4-300x199.png 300w\" sizes=\"auto, (max-width: 346px) 100vw, 346px\" \/><\/figure>\n\n\n\n<p>Perlen des Glaubens<\/p>\n\n\n\n<figure class=\"wp-block-image size-full\"><img loading=\"lazy\" decoding=\"async\" width=\"290\" height=\"387\" src=\"https:\/\/cvjm-meiderich.de\/wp-content\/uploads\/2022\/11\/grafik-5.png\" alt=\"\" class=\"wp-image-909\" srcset=\"https:\/\/cvjm-meiderich.de\/wp-content\/uploads\/2022\/11\/grafik-5.png 290w, https:\/\/cvjm-meiderich.de\/wp-content\/uploads\/2022\/11\/grafik-5-225x300.png 225w\" sizes=\"auto, (max-width: 290px) 100vw, 290px\" \/><\/figure>\n\n\n\n<p>H\u00fctte 106 vorher<\/p>\n\n\n\n<figure class=\"wp-block-image size-full\"><img loading=\"lazy\" decoding=\"async\" width=\"292\" height=\"389\" src=\"https:\/\/cvjm-meiderich.de\/wp-content\/uploads\/2022\/11\/grafik-6.png\" alt=\"\" class=\"wp-image-910\" srcset=\"https:\/\/cvjm-meiderich.de\/wp-content\/uploads\/2022\/11\/grafik-6.png 292w, https:\/\/cvjm-meiderich.de\/wp-content\/uploads\/2022\/11\/grafik-6-225x300.png 225w\" sizes=\"auto, (max-width: 292px) 100vw, 292px\" \/><\/figure>\n\n\n\n<p>und nachher<\/p>\n\n\n\n<figure class=\"wp-block-image size-full\"><img loading=\"lazy\" decoding=\"async\" width=\"593\" height=\"445\" src=\"https:\/\/cvjm-meiderich.de\/wp-content\/uploads\/2022\/11\/grafik-7.png\" alt=\"\" class=\"wp-image-911\" srcset=\"https:\/\/cvjm-meiderich.de\/wp-content\/uploads\/2022\/11\/grafik-7.png 593w, https:\/\/cvjm-meiderich.de\/wp-content\/uploads\/2022\/11\/grafik-7-300x225.png 300w, https:\/\/cvjm-meiderich.de\/wp-content\/uploads\/2022\/11\/grafik-7-138x104.png 138w, https:\/\/cvjm-meiderich.de\/wp-content\/uploads\/2022\/11\/grafik-7-444x333.png 444w\" sizes=\"auto, (max-width: 593px) 100vw, 593px\" \/><\/figure>\n\n\n\n<figure class=\"wp-block-image size-full\"><img loading=\"lazy\" decoding=\"async\" width=\"605\" height=\"454\" src=\"https:\/\/cvjm-meiderich.de\/wp-content\/uploads\/2022\/11\/grafik-8.png\" alt=\"\" class=\"wp-image-912\" srcset=\"https:\/\/cvjm-meiderich.de\/wp-content\/uploads\/2022\/11\/grafik-8.png 605w, https:\/\/cvjm-meiderich.de\/wp-content\/uploads\/2022\/11\/grafik-8-300x225.png 300w, https:\/\/cvjm-meiderich.de\/wp-content\/uploads\/2022\/11\/grafik-8-138x104.png 138w, https:\/\/cvjm-meiderich.de\/wp-content\/uploads\/2022\/11\/grafik-8-444x333.png 444w\" sizes=\"auto, (max-width: 605px) 100vw, 605px\" \/><\/figure>\n\n\n\n<figure class=\"wp-block-image size-full\"><img loading=\"lazy\" decoding=\"async\" width=\"377\" height=\"251\" src=\"https:\/\/cvjm-meiderich.de\/wp-content\/uploads\/2022\/11\/grafik-9.png\" alt=\"\" class=\"wp-image-913\" srcset=\"https:\/\/cvjm-meiderich.de\/wp-content\/uploads\/2022\/11\/grafik-9.png 377w, https:\/\/cvjm-meiderich.de\/wp-content\/uploads\/2022\/11\/grafik-9-300x200.png 300w\" sizes=\"auto, (max-width: 377px) 100vw, 377px\" \/><\/figure>\n\n\n\n<p>&nbsp;Baustelle 106<\/p>\n\n\n\n<figure class=\"wp-block-image size-full\"><img loading=\"lazy\" decoding=\"async\" width=\"361\" height=\"203\" src=\"https:\/\/cvjm-meiderich.de\/wp-content\/uploads\/2022\/11\/grafik-10.png\" alt=\"\" class=\"wp-image-914\" srcset=\"https:\/\/cvjm-meiderich.de\/wp-content\/uploads\/2022\/11\/grafik-10.png 361w, https:\/\/cvjm-meiderich.de\/wp-content\/uploads\/2022\/11\/grafik-10-300x169.png 300w\" sizes=\"auto, (max-width: 361px) 100vw, 361px\" \/><\/figure>\n\n\n\n<p>Die neue Bank an der Hacienda (ein Upcycling-Produkt)<\/p>\n\n\n\n<figure class=\"wp-block-image size-full\"><img loading=\"lazy\" decoding=\"async\" width=\"605\" height=\"454\" src=\"https:\/\/cvjm-meiderich.de\/wp-content\/uploads\/2022\/11\/grafik-11.png\" alt=\"\" class=\"wp-image-915\" srcset=\"https:\/\/cvjm-meiderich.de\/wp-content\/uploads\/2022\/11\/grafik-11.png 605w, https:\/\/cvjm-meiderich.de\/wp-content\/uploads\/2022\/11\/grafik-11-300x225.png 300w, https:\/\/cvjm-meiderich.de\/wp-content\/uploads\/2022\/11\/grafik-11-138x104.png 138w, https:\/\/cvjm-meiderich.de\/wp-content\/uploads\/2022\/11\/grafik-11-444x333.png 444w\" sizes=\"auto, (max-width: 605px) 100vw, 605px\" \/><\/figure>\n\n\n\n<p>Zeltaufbau am Freitag<\/p>\n\n\n\n<figure class=\"wp-block-image size-full\"><img loading=\"lazy\" decoding=\"async\" width=\"454\" height=\"605\" src=\"https:\/\/cvjm-meiderich.de\/wp-content\/uploads\/2022\/11\/grafik-12.png\" alt=\"\" class=\"wp-image-916\" srcset=\"https:\/\/cvjm-meiderich.de\/wp-content\/uploads\/2022\/11\/grafik-12.png 454w, https:\/\/cvjm-meiderich.de\/wp-content\/uploads\/2022\/11\/grafik-12-225x300.png 225w, https:\/\/cvjm-meiderich.de\/wp-content\/uploads\/2022\/11\/grafik-12-333x444.png 333w\" sizes=\"auto, (max-width: 454px) 100vw, 454px\" \/><\/figure>\n\n\n\n<p>Abend ward &#8230;<\/p>\n","protected":false},"excerpt":{"rendered":"<p>Die Teilnehmer:Dabei waren 62 TeilnehmerInnen\/MitarbeiterInnen im Alter von knapp 1 Jahr bis 60 Jahre. An der Altersspanne erkennt man, dass sich das Camp zu einer Familienfreizeit wandelt. Das stellt uns als Leitungsteam vor neue Herausforderungen, denen wir uns gerne stellen wollen. Denn so lernen die Kinder fr\u00fch, was die Gemeinschaft im CVJM und das Camp [&hellip;]<\/p>\n","protected":false},"author":3,"featured_media":0,"parent":559,"menu_order":1,"comment_status":"closed","ping_status":"closed","template":"","meta":{"footnotes":""},"class_list":["post-903","page","type-page","status-publish","hentry"],"_links":{"self":[{"href":"https:\/\/cvjm-meiderich.de\/index.php\/wp-json\/wp\/v2\/pages\/903","targetHints":{"allow":["GET"]}}],"collection":[{"href":"https:\/\/cvjm-meiderich.de\/index.php\/wp-json\/wp\/v2\/pages"}],"about":[{"href":"https:\/\/cvjm-meiderich.de\/index.php\/wp-json\/wp\/v2\/types\/page"}],"author":[{"embeddable":true,"href":"https:\/\/cvjm-meiderich.de\/index.php\/wp-json\/wp\/v2\/users\/3"}],"replies":[{"embeddable":true,"href":"https:\/\/cvjm-meiderich.de\/index.php\/wp-json\/wp\/v2\/comments?post=903"}],"version-history":[{"count":2,"href":"https:\/\/cvjm-meiderich.de\/index.php\/wp-json\/wp\/v2\/pages\/903\/revisions"}],"predecessor-version":[{"id":918,"href":"https:\/\/cvjm-meiderich.de\/index.php\/wp-json\/wp\/v2\/pages\/903\/revisions\/918"}],"up":[{"embeddable":true,"href":"https:\/\/cvjm-meiderich.de\/index.php\/wp-json\/wp\/v2\/pages\/559"}],"wp:attachment":[{"href":"https:\/\/cvjm-meiderich.de\/index.php\/wp-json\/wp\/v2\/media?parent=903"}],"curies":[{"name":"wp","href":"https:\/\/api.w.org\/{rel}","templated":true}]}}