{"id":694,"date":"2021-10-27T15:15:01","date_gmt":"2021-10-27T13:15:01","guid":{"rendered":"http:\/\/cvjm-meiderich.de\/?page_id=694"},"modified":"2021-10-27T15:18:32","modified_gmt":"2021-10-27T13:18:32","slug":"bau-und-bibelcamp-2021","status":"publish","type":"page","link":"https:\/\/cvjm-meiderich.de\/index.php\/verein\/projekte\/bau-und-bibelcamps\/bau-und-bibelcamp-2021\/","title":{"rendered":"Bau- und Bibelcamp 2021"},"content":{"rendered":"\n<p>Vom 17. bis 24.7.2021 gab es wieder ein Bau- und Bibelcamp in Michelstadt. 50 Teilnehmende im Alter von 2 Monaten bis 77 Jahre erlebten eine rundum gelungene Woche. Neben dem Bauen (Erhalt und Fortentwicklung des Camps), biblischen Impulsen und wiederholtem Innehalten gab es ausreichend Zeit f\u00fcr Gespr\u00e4che, Spiel, Spass, Lachen &#8211; kurzum: tolle Gemeinschaft.<\/p>\n\n\n\n<p>Bei herrlichstem Wetter (es tr\u00f6pfelte nur kurz am Abfahrtsamstag, ansonsten Sonne bei ertr\u00e4glichen Temperaturen) und &#8211; f\u00fcr eine Freizeitk\u00fcche &#8211; sterneverd\u00e4chtiger Verpflegung haben wir eine Menge geschafft.<\/p>\n\n\n\n<p>Hier einige der durchgef\u00fchrten Arbeiten:<\/p>\n\n\n\n<ul class=\"wp-block-list\"><li>Die Fl\u00e4che vor dem Werkstattcontainer und links vom Mitarbeiterhaus wurde eingeebnet und gepflastert.&nbsp;&nbsp;<\/li><\/ul>\n\n\n\n<figure class=\"wp-block-image\"><img loading=\"lazy\" decoding=\"async\" width=\"1024\" height=\"768\" src=\"https:\/\/cvjm-meiderich.de\/wp-content\/uploads\/2021\/10\/K1024_Platz-am-ContainerMA-Haus-4.jpg\" alt=\"\" class=\"wp-image-696\" srcset=\"https:\/\/cvjm-meiderich.de\/wp-content\/uploads\/2021\/10\/K1024_Platz-am-ContainerMA-Haus-4.jpg 1024w, https:\/\/cvjm-meiderich.de\/wp-content\/uploads\/2021\/10\/K1024_Platz-am-ContainerMA-Haus-4-300x225.jpg 300w, https:\/\/cvjm-meiderich.de\/wp-content\/uploads\/2021\/10\/K1024_Platz-am-ContainerMA-Haus-4-768x576.jpg 768w, https:\/\/cvjm-meiderich.de\/wp-content\/uploads\/2021\/10\/K1024_Platz-am-ContainerMA-Haus-4-618x464.jpg 618w, https:\/\/cvjm-meiderich.de\/wp-content\/uploads\/2021\/10\/K1024_Platz-am-ContainerMA-Haus-4-138x104.jpg 138w, https:\/\/cvjm-meiderich.de\/wp-content\/uploads\/2021\/10\/K1024_Platz-am-ContainerMA-Haus-4-444x333.jpg 444w\" sizes=\"auto, (max-width: 1024px) 100vw, 1024px\" \/><\/figure>\n\n\n\n<ul class=\"wp-block-list\"><li>Die Wege an den H\u00fctten wurden vom einwachsenden Gras befreit und ordentlich geschottert.<\/li><\/ul>\n\n\n\n<ul class=\"wp-block-list\"><li>Die Treppe vor H\u00fctte 108 wurde umgesetzt und neugestaltet, so dass sie nun am tats\u00e4chlichen Laufweg liegt.<\/li><\/ul>\n\n\n\n<figure class=\"wp-block-image size-full\"><img loading=\"lazy\" decoding=\"async\" width=\"600\" height=\"692\" src=\"https:\/\/cvjm-meiderich.de\/wp-content\/uploads\/2021\/10\/K1024_Treppe-vor-Huette-109-2.jpg\" alt=\"\" class=\"wp-image-733\" srcset=\"https:\/\/cvjm-meiderich.de\/wp-content\/uploads\/2021\/10\/K1024_Treppe-vor-Huette-109-2.jpg 600w, https:\/\/cvjm-meiderich.de\/wp-content\/uploads\/2021\/10\/K1024_Treppe-vor-Huette-109-2-260x300.jpg 260w, https:\/\/cvjm-meiderich.de\/wp-content\/uploads\/2021\/10\/K1024_Treppe-vor-Huette-109-2-385x444.jpg 385w\" sizes=\"auto, (max-width: 600px) 100vw, 600px\" \/><\/figure>\n\n\n\n<ul class=\"wp-block-list\"><li>Unwettersch\u00e4den wurden beseitigt (Ger\u00f6ll u. \u00e4.\nin der Wiese, Reparatur K\u00fcchenvordach).<\/li><\/ul>\n\n\n\n<ul class=\"wp-block-list\"><li>Unz\u00e4hlige Kleinstreparaturen (Schl\u00f6sser, Scharniere, Lampen, Klinken, Fensterverschl\u00e4ge, Sp\u00fclk\u00e4sten, \u2026) wurden durchgef\u00fchrt.<\/li><\/ul>\n\n\n\n<ul class=\"wp-block-list\"><li>Das nat\u00fcrliche Gr\u00fcn wurde durch Schneidarbeiten\nin Zaum gehalten.<\/li><\/ul>\n\n\n\n<ul class=\"wp-block-list\"><li>Einige Gel\u00e4nder wurden von abbl\u00e4tternder Farbe befreit (Neuanstrich in 2022) und einige Holzh\u00fctten von au\u00dfen mit einem neuen Schutzanstrich versehen. Ebenfalls wurden einige rote Dachkanten farblich erneuert. <\/li><\/ul>\n\n\n\n<ul class=\"wp-block-list\"><li>Die Dachrinnenarbeiten am Waldgruppenhaus wurden fachm\u00e4nnisch abgeschlossen.<\/li><\/ul>\n\n\n\n<ul class=\"wp-block-list\"><li>Die Terrassen der H\u00fctten 105 und 106 wurden \u2013 inklusive vorderstem Tragbalken \u2013 erneuert und gesch\u00fctzt.<br><br> <\/li><li>F\u00fcr den Umbau der 9er H\u00fctten wurde konkrete Vorschl\u00e4ge erarbeitet.<\/li><\/ul>\n\n\n\n<ul class=\"wp-block-list\"><li>Das gro\u00dfe Zelt f\u00fcr die nachfolgenden Freizeiten wurde aufgebaut.<\/li><\/ul>\n\n\n\n<figure class=\"wp-block-image\"><img loading=\"lazy\" decoding=\"async\" width=\"1063\" height=\"600\" src=\"https:\/\/cvjm-meiderich.de\/wp-content\/uploads\/2021\/10\/K1024_Zeltaufbau.jpg\" alt=\"\" class=\"wp-image-698\" srcset=\"https:\/\/cvjm-meiderich.de\/wp-content\/uploads\/2021\/10\/K1024_Zeltaufbau.jpg 1063w, https:\/\/cvjm-meiderich.de\/wp-content\/uploads\/2021\/10\/K1024_Zeltaufbau-300x169.jpg 300w, https:\/\/cvjm-meiderich.de\/wp-content\/uploads\/2021\/10\/K1024_Zeltaufbau-1024x578.jpg 1024w, https:\/\/cvjm-meiderich.de\/wp-content\/uploads\/2021\/10\/K1024_Zeltaufbau-768x433.jpg 768w, https:\/\/cvjm-meiderich.de\/wp-content\/uploads\/2021\/10\/K1024_Zeltaufbau-618x349.jpg 618w, https:\/\/cvjm-meiderich.de\/wp-content\/uploads\/2021\/10\/K1024_Zeltaufbau-444x251.jpg 444w\" sizes=\"auto, (max-width: 1063px) 100vw, 1063px\" \/><\/figure>\n\n\n\n<p>Damit haben wir wieder zum Erhalt und zur Verbesserung des\nCamps beigetragen und Vorbereitungen daf\u00fcr getroffen, dass die nachfolgenden\nFreizeiten ordentliche Bedingungen vorfinden. Au\u00dferdem wurden viele Teilnehmer\nvon Mitarbeitern in handwerklichen F\u00e4higkeiten geschult, die sie dann bei o. g.\nProjekten anwenden oder vertiefen konnten.<\/p>\n\n\n\n<p>Neben Morgenandacht, Mittagsgebet und Abendabschluss gab es\nvor dem Abendessen noch biblische Impulse mit Gespr\u00e4chsrunden. Aufgrund des\nsuperguten Wetters konnten diese \u201eTermine\u201c alle drau\u00dfen stattfinden und wir dabei\n(endlich wieder) singend unseren Gott loben.<\/p>\n\n\n\n<p>Die Gemeinschaft war wunderbar. Neulinge wurden von den\n\u201eAlten\u201c gut aufgenommen. Der Sonntag f\u00fchrte zu neuer Gemeinschaft, die beim\nEssen, auf den Baustellen und am Abend (Gesellschaftsspiele, Volleyball u. \u00e4.,\nGespr\u00e4chsrunden am Lagerfeuer, \u2026) fortgef\u00fchrt wurde.<\/p>\n\n\n\n<p>Material- und Werkzeugspenden haben uns auch weitergeholfen. Wir danken allen Spendern. <\/p>\n\n\n\n<p>Das zum Teil neue Leitungsteam hat sich gut zusammengefunden. Im K\u00fcchenteam wird es Ver\u00e4nderungen geben. Die bisherigen MitarbeiterInnen wollen ihre Aufgabe in j\u00fcngere H\u00e4nde geben. Eine neue Mitarbeiterin wurde gut eingearbeitet und soll ab n\u00e4chstem Jahr das neue K\u00fcchenteam einf\u00fchren. <\/p>\n\n\n\n<p>Wir blicken auf ein gelungenes Bau- und Bibelcamp 2021\nzur\u00fcck und freuen uns schon auf das n\u00e4chste Jahr, denn es gibt immer genug zu\ntun. <br>\nUnd wo ist es schon sch\u00f6ner als beim BBC in Michelstadt?<\/p>\n\n\n\n<figure class=\"wp-block-image\"><img loading=\"lazy\" decoding=\"async\" width=\"1024\" height=\"768\" src=\"https:\/\/cvjm-meiderich.de\/wp-content\/uploads\/2021\/10\/K1024_Abendstimmung-Camp.jpg\" alt=\"\" class=\"wp-image-699\" srcset=\"https:\/\/cvjm-meiderich.de\/wp-content\/uploads\/2021\/10\/K1024_Abendstimmung-Camp.jpg 1024w, https:\/\/cvjm-meiderich.de\/wp-content\/uploads\/2021\/10\/K1024_Abendstimmung-Camp-300x225.jpg 300w, https:\/\/cvjm-meiderich.de\/wp-content\/uploads\/2021\/10\/K1024_Abendstimmung-Camp-768x576.jpg 768w, https:\/\/cvjm-meiderich.de\/wp-content\/uploads\/2021\/10\/K1024_Abendstimmung-Camp-618x464.jpg 618w, https:\/\/cvjm-meiderich.de\/wp-content\/uploads\/2021\/10\/K1024_Abendstimmung-Camp-138x104.jpg 138w, https:\/\/cvjm-meiderich.de\/wp-content\/uploads\/2021\/10\/K1024_Abendstimmung-Camp-444x333.jpg 444w\" sizes=\"auto, (max-width: 1024px) 100vw, 1024px\" \/><\/figure>\n\n\n\n<p><\/p>\n","protected":false},"excerpt":{"rendered":"<p>Vom 17. bis 24.7.2021 gab es wieder ein Bau- und Bibelcamp in Michelstadt. 50 Teilnehmende im Alter von 2 Monaten bis 77 Jahre erlebten eine rundum gelungene Woche. Neben dem Bauen (Erhalt und Fortentwicklung des Camps), biblischen Impulsen und wiederholtem Innehalten gab es ausreichend Zeit f\u00fcr Gespr\u00e4che, Spiel, Spass, Lachen &#8211; kurzum: tolle Gemeinschaft. Bei [&hellip;]<\/p>\n","protected":false},"author":3,"featured_media":0,"parent":559,"menu_order":2,"comment_status":"closed","ping_status":"closed","template":"","meta":{"footnotes":""},"class_list":["post-694","page","type-page","status-publish","hentry"],"_links":{"self":[{"href":"https:\/\/cvjm-meiderich.de\/index.php\/wp-json\/wp\/v2\/pages\/694","targetHints":{"allow":["GET"]}}],"collection":[{"href":"https:\/\/cvjm-meiderich.de\/index.php\/wp-json\/wp\/v2\/pages"}],"about":[{"href":"https:\/\/cvjm-meiderich.de\/index.php\/wp-json\/wp\/v2\/types\/page"}],"author":[{"embeddable":true,"href":"https:\/\/cvjm-meiderich.de\/index.php\/wp-json\/wp\/v2\/users\/3"}],"replies":[{"embeddable":true,"href":"https:\/\/cvjm-meiderich.de\/index.php\/wp-json\/wp\/v2\/comments?post=694"}],"version-history":[{"count":2,"href":"https:\/\/cvjm-meiderich.de\/index.php\/wp-json\/wp\/v2\/pages\/694\/revisions"}],"predecessor-version":[{"id":734,"href":"https:\/\/cvjm-meiderich.de\/index.php\/wp-json\/wp\/v2\/pages\/694\/revisions\/734"}],"up":[{"embeddable":true,"href":"https:\/\/cvjm-meiderich.de\/index.php\/wp-json\/wp\/v2\/pages\/559"}],"wp:attachment":[{"href":"https:\/\/cvjm-meiderich.de\/index.php\/wp-json\/wp\/v2\/media?parent=694"}],"curies":[{"name":"wp","href":"https:\/\/api.w.org\/{rel}","templated":true}]}}