{"id":663,"date":"2020-09-26T13:04:00","date_gmt":"2020-09-26T11:04:00","guid":{"rendered":"http:\/\/cvjm-meiderich.de\/?page_id=663"},"modified":"2020-09-26T13:04:00","modified_gmt":"2020-09-26T11:04:00","slug":"vereins-oder-foerdermitgliedschaft","status":"publish","type":"page","link":"https:\/\/cvjm-meiderich.de\/index.php\/verein\/vereins-oder-foerdermitgliedschaft\/","title":{"rendered":"Vereins- oder F\u00f6rdermitgliedschaft"},"content":{"rendered":"\n<p>Wir sind ein kleiner und sehr pers\u00f6nlicher Verein.<br>Deshalb finden wir eine Online-Mitgliedschaftserkl\u00e4rung unpers\u00f6nlich.<\/p>\n\n\n\n<p>Wer Interesse an einer Vereins- oder F\u00f6rdermitgliedschaft hat, melde sich bitte unter cvjm-meiderich(at)t-online.de und wir nehmen ganz pers\u00f6nlich Kontakt auf, um Fragen zu beantworten und die notwendigen Formalit\u00e4ten zu kl\u00e4ren.<\/p>\n\n\n\n<p>Spenden f\u00fcr unsere Vereinsarbeit sind ebenfalls herzlich willkommen. Wir d\u00fcrfen steuerliche Spendenbescheinigungen ausstellen. Mehr dazu ebenfalls unter der o. g. Mailadresse.<\/p>\n","protected":false},"excerpt":{"rendered":"<p>Wir sind ein kleiner und sehr pers\u00f6nlicher Verein.Deshalb finden wir eine Online-Mitgliedschaftserkl\u00e4rung unpers\u00f6nlich. Wer Interesse an einer Vereins- oder F\u00f6rdermitgliedschaft hat, melde sich bitte unter cvjm-meiderich(at)t-online.de und wir nehmen ganz pers\u00f6nlich Kontakt auf, um Fragen zu beantworten und die notwendigen Formalit\u00e4ten zu kl\u00e4ren. Spenden f\u00fcr unsere Vereinsarbeit sind ebenfalls herzlich willkommen. Wir d\u00fcrfen steuerliche Spendenbescheinigungen [&hellip;]<\/p>\n","protected":false},"author":3,"featured_media":0,"parent":135,"menu_order":4,"comment_status":"closed","ping_status":"closed","template":"","meta":{"footnotes":""},"class_list":["post-663","page","type-page","status-publish","hentry"],"_links":{"self":[{"href":"https:\/\/cvjm-meiderich.de\/index.php\/wp-json\/wp\/v2\/pages\/663","targetHints":{"allow":["GET"]}}],"collection":[{"href":"https:\/\/cvjm-meiderich.de\/index.php\/wp-json\/wp\/v2\/pages"}],"about":[{"href":"https:\/\/cvjm-meiderich.de\/index.php\/wp-json\/wp\/v2\/types\/page"}],"author":[{"embeddable":true,"href":"https:\/\/cvjm-meiderich.de\/index.php\/wp-json\/wp\/v2\/users\/3"}],"replies":[{"embeddable":true,"href":"https:\/\/cvjm-meiderich.de\/index.php\/wp-json\/wp\/v2\/comments?post=663"}],"version-history":[{"count":0,"href":"https:\/\/cvjm-meiderich.de\/index.php\/wp-json\/wp\/v2\/pages\/663\/revisions"}],"up":[{"embeddable":true,"href":"https:\/\/cvjm-meiderich.de\/index.php\/wp-json\/wp\/v2\/pages\/135"}],"wp:attachment":[{"href":"https:\/\/cvjm-meiderich.de\/index.php\/wp-json\/wp\/v2\/media?parent=663"}],"curies":[{"name":"wp","href":"https:\/\/api.w.org\/{rel}","templated":true}]}}