{"id":641,"date":"2020-06-18T16:31:05","date_gmt":"2020-06-18T14:31:05","guid":{"rendered":"http:\/\/cvjm-meiderich.de\/?page_id=641"},"modified":"2020-06-18T16:31:05","modified_gmt":"2020-06-18T14:31:05","slug":"bau-und-bibelcamp-2020","status":"publish","type":"page","link":"https:\/\/cvjm-meiderich.de\/index.php\/verein\/projekte\/bau-und-bibelcamps\/bau-und-bibelcamp-2020\/","title":{"rendered":"Bau- und Bibelcamp 2020"},"content":{"rendered":"\n<p style=\"text-align:center\"> <strong>so ganz anders    (Michelstadt 4.-11.7.2020) <\/strong><\/p>\n\n\n\n<p>In diesem Jahr ist aufgrund Corona vieles anders, so auch das BBC. Viele Veranstaltungen und Freizeiten fielen aus, dass BBC aber nicht. Zusammen mit den Verantwortlichen im Westbund wurde entschieden, das BBC in kleinerer Form (max. 20 Personen, alle vollj\u00e4hrig) durchzuf\u00fchren. Es ergab sich dann noch, dass die Klemen-Familien \u2013 die sonst immer zum BBC mitkommen \u2013 im Anschluss eine kleine Familienfreizeit gemacht haben, das sogenannte BBC 2.<br> <\/p>\n\n\n\n<figure class=\"wp-block-image\"><img loading=\"lazy\" decoding=\"async\" width=\"1600\" height=\"1200\" src=\"https:\/\/cvjm-meiderich.de\/wp-content\/uploads\/2020\/10\/IMG_20200709_190318.jpg\" alt=\"\" class=\"wp-image-673\" srcset=\"https:\/\/cvjm-meiderich.de\/wp-content\/uploads\/2020\/10\/IMG_20200709_190318.jpg 1600w, https:\/\/cvjm-meiderich.de\/wp-content\/uploads\/2020\/10\/IMG_20200709_190318-300x225.jpg 300w, https:\/\/cvjm-meiderich.de\/wp-content\/uploads\/2020\/10\/IMG_20200709_190318-1024x768.jpg 1024w, https:\/\/cvjm-meiderich.de\/wp-content\/uploads\/2020\/10\/IMG_20200709_190318-768x576.jpg 768w, https:\/\/cvjm-meiderich.de\/wp-content\/uploads\/2020\/10\/IMG_20200709_190318-1536x1152.jpg 1536w, https:\/\/cvjm-meiderich.de\/wp-content\/uploads\/2020\/10\/IMG_20200709_190318-1365x1024.jpg 1365w, https:\/\/cvjm-meiderich.de\/wp-content\/uploads\/2020\/10\/IMG_20200709_190318-618x464.jpg 618w, https:\/\/cvjm-meiderich.de\/wp-content\/uploads\/2020\/10\/IMG_20200709_190318-138x104.jpg 138w, https:\/\/cvjm-meiderich.de\/wp-content\/uploads\/2020\/10\/IMG_20200709_190318-444x333.jpg 444w\" sizes=\"auto, (max-width: 1600px) 100vw, 1600px\" \/><\/figure>\n\n\n\n<p>Mit genau zwanzig Leuten, wovon einige das erste Mal in Michelstadt waren, haben wir eine sch\u00f6ne, arbeitsreiche, gemeinschaftliche, erfolgreiche Woche vom 4. bis 11. Juli verlebt. Aber eigentlich waren wir 21, denn Gundi hat sich \u2013 wie auf den Bildern  zu sehen \u2013 als Allround-Model zur Verf\u00fcgung gestellt und alles im Camp  dokumentiert. <\/p>\n\n\n\n<figure class=\"wp-block-image\"><img loading=\"lazy\" decoding=\"async\" width=\"1600\" height=\"1200\" src=\"https:\/\/cvjm-meiderich.de\/wp-content\/uploads\/2020\/10\/BBC-mit-Gundi-38.jpg\" alt=\"\" class=\"wp-image-672\" srcset=\"https:\/\/cvjm-meiderich.de\/wp-content\/uploads\/2020\/10\/BBC-mit-Gundi-38.jpg 1600w, https:\/\/cvjm-meiderich.de\/wp-content\/uploads\/2020\/10\/BBC-mit-Gundi-38-300x225.jpg 300w, https:\/\/cvjm-meiderich.de\/wp-content\/uploads\/2020\/10\/BBC-mit-Gundi-38-1024x768.jpg 1024w, https:\/\/cvjm-meiderich.de\/wp-content\/uploads\/2020\/10\/BBC-mit-Gundi-38-768x576.jpg 768w, https:\/\/cvjm-meiderich.de\/wp-content\/uploads\/2020\/10\/BBC-mit-Gundi-38-1536x1152.jpg 1536w, https:\/\/cvjm-meiderich.de\/wp-content\/uploads\/2020\/10\/BBC-mit-Gundi-38-1365x1024.jpg 1365w, https:\/\/cvjm-meiderich.de\/wp-content\/uploads\/2020\/10\/BBC-mit-Gundi-38-618x464.jpg 618w, https:\/\/cvjm-meiderich.de\/wp-content\/uploads\/2020\/10\/BBC-mit-Gundi-38-138x104.jpg 138w, https:\/\/cvjm-meiderich.de\/wp-content\/uploads\/2020\/10\/BBC-mit-Gundi-38-444x333.jpg 444w\" sizes=\"auto, (max-width: 1600px) 100vw, 1600px\" \/><\/figure>\n\n\n\n<p>Sch\u00f6n, weil wir alte Bekannte wiedergetroffen haben, das\nWetter wirklich sch\u00f6n (aber nicht zu hei\u00df) war und das Rahmenprogramm Spa\u00df\ngemacht hat.<\/p>\n\n\n\n<figure class=\"wp-block-image\"><img decoding=\"async\" src=\"https:\/\/cvjm-meiderich.de\/wp-content\/uploads\/2020\/10\/BBC-mit-Gundi-102.jpg\" alt=\"\" class=\"wp-image-667\"\/><\/figure>\n\n\n\n<p>Arbeitsreich, weil wir viel erledigt haben. So wurde in\nH\u00fctte 112 die Sanierung zum Abschluss gebracht, am Waldhaus eine neue Dachrinne\nmontiert, das B\u00fcro renoviert, diverse Lager aufger\u00e4umt, allerlei Kleinkram\nrepariert, ein weiteres Holzlager gebaut und das Lagerkreuz erneuert sowie\neiniges an Gr\u00fcnschnitt gemacht.<\/p>\n\n\n\n<figure class=\"wp-block-image\"><img loading=\"lazy\" decoding=\"async\" width=\"1600\" height=\"1200\" src=\"https:\/\/cvjm-meiderich.de\/wp-content\/uploads\/2020\/10\/BBC-mit-Gundi-42.jpg\" alt=\"\" class=\"wp-image-670\" srcset=\"https:\/\/cvjm-meiderich.de\/wp-content\/uploads\/2020\/10\/BBC-mit-Gundi-42.jpg 1600w, https:\/\/cvjm-meiderich.de\/wp-content\/uploads\/2020\/10\/BBC-mit-Gundi-42-300x225.jpg 300w, https:\/\/cvjm-meiderich.de\/wp-content\/uploads\/2020\/10\/BBC-mit-Gundi-42-1024x768.jpg 1024w, https:\/\/cvjm-meiderich.de\/wp-content\/uploads\/2020\/10\/BBC-mit-Gundi-42-768x576.jpg 768w, https:\/\/cvjm-meiderich.de\/wp-content\/uploads\/2020\/10\/BBC-mit-Gundi-42-1536x1152.jpg 1536w, https:\/\/cvjm-meiderich.de\/wp-content\/uploads\/2020\/10\/BBC-mit-Gundi-42-1365x1024.jpg 1365w, https:\/\/cvjm-meiderich.de\/wp-content\/uploads\/2020\/10\/BBC-mit-Gundi-42-618x464.jpg 618w, https:\/\/cvjm-meiderich.de\/wp-content\/uploads\/2020\/10\/BBC-mit-Gundi-42-138x104.jpg 138w, https:\/\/cvjm-meiderich.de\/wp-content\/uploads\/2020\/10\/BBC-mit-Gundi-42-444x333.jpg 444w\" sizes=\"auto, (max-width: 1600px) 100vw, 1600px\" \/><\/figure>\n\n\n\n<p>Gemeinschaftlich, weil wir trotz Coronaregeln (z. B. haben\nwir nur drau\u00dfen gesungen, wobei das gute Wetter hilfreich war) viel miteinander\nspielen, kl\u00f6nen, \u00fcber Bibeltexte reden, Gott loben u. v. m. konnten.<\/p>\n\n\n\n<figure class=\"wp-block-image\"><img decoding=\"async\" src=\"https:\/\/cvjm-meiderich.de\/wp-content\/uploads\/2020\/10\/BBC-mit-Gundi-53.jpg\" alt=\"\" class=\"wp-image-676\"\/><\/figure>\n\n\n\n<p>Erfolgreich, weil wir viel geschafft haben und dabei viel\nSpa\u00df und Gemeinschaft hatten.<\/p>\n\n\n\n<figure class=\"wp-block-image\"><img loading=\"lazy\" decoding=\"async\" width=\"1600\" height=\"1200\" src=\"https:\/\/cvjm-meiderich.de\/wp-content\/uploads\/2020\/10\/BBC-mit-Gundi-63.jpg\" alt=\"\" class=\"wp-image-671\" srcset=\"https:\/\/cvjm-meiderich.de\/wp-content\/uploads\/2020\/10\/BBC-mit-Gundi-63.jpg 1600w, https:\/\/cvjm-meiderich.de\/wp-content\/uploads\/2020\/10\/BBC-mit-Gundi-63-300x225.jpg 300w, https:\/\/cvjm-meiderich.de\/wp-content\/uploads\/2020\/10\/BBC-mit-Gundi-63-1024x768.jpg 1024w, https:\/\/cvjm-meiderich.de\/wp-content\/uploads\/2020\/10\/BBC-mit-Gundi-63-768x576.jpg 768w, https:\/\/cvjm-meiderich.de\/wp-content\/uploads\/2020\/10\/BBC-mit-Gundi-63-1536x1152.jpg 1536w, https:\/\/cvjm-meiderich.de\/wp-content\/uploads\/2020\/10\/BBC-mit-Gundi-63-1365x1024.jpg 1365w, https:\/\/cvjm-meiderich.de\/wp-content\/uploads\/2020\/10\/BBC-mit-Gundi-63-618x464.jpg 618w, https:\/\/cvjm-meiderich.de\/wp-content\/uploads\/2020\/10\/BBC-mit-Gundi-63-138x104.jpg 138w, https:\/\/cvjm-meiderich.de\/wp-content\/uploads\/2020\/10\/BBC-mit-Gundi-63-444x333.jpg 444w\" sizes=\"auto, (max-width: 1600px) 100vw, 1600px\" \/><\/figure>\n\n\n\n<p>Die Freizeit wurde von der Anke Schwarz (Westbund-Hauptamtliche), Sebastian Lotz (M\u00fclheim) und mir geleitet \u2013 wir hatten aber auch mit 60 Teilnehmern gerechnet. In der K\u00fcche hat Gabi Opitz zusammen mit Vanessa kaum vorstellbares vollbracht, n\u00e4mlich unter Beachtung der besonderen Hygieneregeln (was Etliches an Mehrarbeit bedeutete) uns wunderbar und allumfassend zu versorgen.<\/p>\n\n\n\n<figure class=\"wp-block-image\"><img loading=\"lazy\" decoding=\"async\" width=\"1600\" height=\"1200\" src=\"https:\/\/cvjm-meiderich.de\/wp-content\/uploads\/2020\/10\/IMG_20200708_201429-1.jpg\" alt=\"\" class=\"wp-image-678\" srcset=\"https:\/\/cvjm-meiderich.de\/wp-content\/uploads\/2020\/10\/IMG_20200708_201429-1.jpg 1600w, https:\/\/cvjm-meiderich.de\/wp-content\/uploads\/2020\/10\/IMG_20200708_201429-1-300x225.jpg 300w, https:\/\/cvjm-meiderich.de\/wp-content\/uploads\/2020\/10\/IMG_20200708_201429-1-1024x768.jpg 1024w, https:\/\/cvjm-meiderich.de\/wp-content\/uploads\/2020\/10\/IMG_20200708_201429-1-768x576.jpg 768w, https:\/\/cvjm-meiderich.de\/wp-content\/uploads\/2020\/10\/IMG_20200708_201429-1-1536x1152.jpg 1536w, https:\/\/cvjm-meiderich.de\/wp-content\/uploads\/2020\/10\/IMG_20200708_201429-1-1365x1024.jpg 1365w, https:\/\/cvjm-meiderich.de\/wp-content\/uploads\/2020\/10\/IMG_20200708_201429-1-618x464.jpg 618w, https:\/\/cvjm-meiderich.de\/wp-content\/uploads\/2020\/10\/IMG_20200708_201429-1-138x104.jpg 138w, https:\/\/cvjm-meiderich.de\/wp-content\/uploads\/2020\/10\/IMG_20200708_201429-1-444x333.jpg 444w\" sizes=\"auto, (max-width: 1600px) 100vw, 1600px\" \/><\/figure>\n\n\n\n<p>Hervorheben m\u00f6chte ich drei Dinge:<br>\n1) Die neue Sp\u00fclk\u00fcche wurde dem ersten Belastungstest unter Freizeitbedingungen\nunterzogen.<br>\n2) Mit H\u00fctte 112 sind nun (bis auf Nr. 111) alle Waldh\u00fctten saniert und wir\nk\u00f6nnen uns langsam an die Sanierungsplanung der mittelgro\u00dfen H\u00fctten machen.<br>\n3) Das Lagerkreuz war inzwischen morsch, so dass wir mit Hilfe einer Holzspende\ndes \u00f6rtlichen F\u00f6rsters ein Neues gebaut haben. Ein sehr wichtiger Akt auch f\u00fcr\nuns, denn Gott ist f\u00fcr uns Mittelpunkt \u2013 im Camp wie im Leben. Und es ist ein\nZeichen f\u00fcr die vielen Besucher und Wanderer, dass hier ein christliches Camp\nsteht.<\/p>\n\n\n\n<figure class=\"wp-block-image\"><img decoding=\"async\" src=\"https:\/\/cvjm-meiderich.de\/wp-content\/uploads\/2020\/10\/IMG_20200710_153536.jpg\" alt=\"\" class=\"wp-image-674\"\/><\/figure>\n\n\n\n<p>Abschlie\u00dfend kann ich sagen, dass es erneut eine von Gott\ngesegnete Freizeit war, das Camp f\u00fcr zuk\u00fcnftige Freizeiten ger\u00fcstet ist und wir\nalle gesund und munter und auch geistlich gest\u00e4rkt wieder nach Hause gefahren\nsind. Es hat gut getan, solch eine Gemeinschaft zu erfahren. Nie ist es mir\nst\u00e4rker bewusst geworden als dieses Jahr.<\/p>\n\n\n\n<figure class=\"wp-block-image\"><img loading=\"lazy\" decoding=\"async\" width=\"1600\" height=\"1200\" src=\"https:\/\/cvjm-meiderich.de\/wp-content\/uploads\/2020\/10\/IMG_20200709_223612.jpg\" alt=\"\" class=\"wp-image-675\" srcset=\"https:\/\/cvjm-meiderich.de\/wp-content\/uploads\/2020\/10\/IMG_20200709_223612.jpg 1600w, https:\/\/cvjm-meiderich.de\/wp-content\/uploads\/2020\/10\/IMG_20200709_223612-300x225.jpg 300w, https:\/\/cvjm-meiderich.de\/wp-content\/uploads\/2020\/10\/IMG_20200709_223612-1024x768.jpg 1024w, https:\/\/cvjm-meiderich.de\/wp-content\/uploads\/2020\/10\/IMG_20200709_223612-768x576.jpg 768w, https:\/\/cvjm-meiderich.de\/wp-content\/uploads\/2020\/10\/IMG_20200709_223612-1536x1152.jpg 1536w, https:\/\/cvjm-meiderich.de\/wp-content\/uploads\/2020\/10\/IMG_20200709_223612-1365x1024.jpg 1365w, https:\/\/cvjm-meiderich.de\/wp-content\/uploads\/2020\/10\/IMG_20200709_223612-618x464.jpg 618w, https:\/\/cvjm-meiderich.de\/wp-content\/uploads\/2020\/10\/IMG_20200709_223612-138x104.jpg 138w, https:\/\/cvjm-meiderich.de\/wp-content\/uploads\/2020\/10\/IMG_20200709_223612-444x333.jpg 444w\" sizes=\"auto, (max-width: 1600px) 100vw, 1600px\" \/><\/figure>\n\n\n\n<p>BBC 2021 ist schon in Planung \u2013 die Erfolgsstory kann\nweitergehen.<\/p>\n\n\n\n<p>Autor: Georg Hucks<\/p>\n","protected":false},"excerpt":{"rendered":"<p>so ganz anders (Michelstadt 4.-11.7.2020) In diesem Jahr ist aufgrund Corona vieles anders, so auch das BBC. Viele Veranstaltungen und Freizeiten fielen aus, dass BBC aber nicht. Zusammen mit den Verantwortlichen im Westbund wurde entschieden, das BBC in kleinerer Form (max. 20 Personen, alle vollj\u00e4hrig) durchzuf\u00fchren. Es ergab sich dann noch, dass die Klemen-Familien \u2013 [&hellip;]<\/p>\n","protected":false},"author":3,"featured_media":0,"parent":559,"menu_order":3,"comment_status":"closed","ping_status":"closed","template":"","meta":{"footnotes":""},"class_list":["post-641","page","type-page","status-publish","hentry"],"_links":{"self":[{"href":"https:\/\/cvjm-meiderich.de\/index.php\/wp-json\/wp\/v2\/pages\/641","targetHints":{"allow":["GET"]}}],"collection":[{"href":"https:\/\/cvjm-meiderich.de\/index.php\/wp-json\/wp\/v2\/pages"}],"about":[{"href":"https:\/\/cvjm-meiderich.de\/index.php\/wp-json\/wp\/v2\/types\/page"}],"author":[{"embeddable":true,"href":"https:\/\/cvjm-meiderich.de\/index.php\/wp-json\/wp\/v2\/users\/3"}],"replies":[{"embeddable":true,"href":"https:\/\/cvjm-meiderich.de\/index.php\/wp-json\/wp\/v2\/comments?post=641"}],"version-history":[{"count":0,"href":"https:\/\/cvjm-meiderich.de\/index.php\/wp-json\/wp\/v2\/pages\/641\/revisions"}],"up":[{"embeddable":true,"href":"https:\/\/cvjm-meiderich.de\/index.php\/wp-json\/wp\/v2\/pages\/559"}],"wp:attachment":[{"href":"https:\/\/cvjm-meiderich.de\/index.php\/wp-json\/wp\/v2\/media?parent=641"}],"curies":[{"name":"wp","href":"https:\/\/api.w.org\/{rel}","templated":true}]}}