{"id":578,"date":"2019-08-16T16:47:12","date_gmt":"2019-08-16T14:47:12","guid":{"rendered":"http:\/\/cvjm-meiderich.de\/?page_id=578"},"modified":"2019-08-16T16:47:12","modified_gmt":"2019-08-16T14:47:12","slug":"bau-und-bibelcamp-2016","status":"publish","type":"page","link":"https:\/\/cvjm-meiderich.de\/index.php\/verein\/projekte\/bau-und-bibelcamps\/bau-und-bibelcamp-2016\/","title":{"rendered":"Bau- und Bibelcamp 2016"},"content":{"rendered":"\n<p><strong>Es war Sommer \u2026 in\nMichelstadt<\/strong><\/p>\n\n\n\n<p>In der hei\u00dfesten Woche des Jahres 2016 fand das diesj\u00e4hrige\nBau- und Bibelcamp \u2013 das 12. seiner Art \u2013 statt. Ich habe mich wie in\nAustralien gef\u00fchlt \u2013 in zweifacher Hinsicht (mehr dazu weiter unten).<br>\nIch war zum 10. Mal mit dabei und habe wieder sehr intensive Tage erlebt.<br>\nIntensiv, weil:<br>\n&#8211; Gebetszeiten unseren Tag strukturiert haben<br>\n&#8211; die Bibelarbeiten uns ganz ungewohnt angepackt haben<br>\n&#8211; es viele, auch sehr pers\u00f6nliche Gespr\u00e4che gab<br>\n&#8211; die Gemeinschaft \u2013 trotz oder wegen der gro\u00dfen Altersspanne von 2 bis 70\nJahre \u2013 toll war<br>\n&#8211; sogar die Arbeit (meistens) Spa\u00df gemacht hat<br>\n&#8211; die Arbeitsgruppen sich gegenseitig ohne zu M\u00f6ppern geholfen haben<br>\n&#8211; der Teamgeist in den Arbeitsgruppen traumhaft war<br>\n&#8211; es trotzdem genug Freizeit gab (u. a. f\u00fcr ein erfrischendes Bad im Freibad)<\/p>\n\n\n\n<p>Nur einen Vormittag hat es geregnet, ansonsten hat das\nThermometer an mehreren Tagen die 30er Grenze geknackt. Da ist der Schwei\u00df in\nStr\u00f6men geflossen. Das war zum einen Australien. Der zweite Bezugspunkt zu\nAustralien war: \u201eWir haben Weihnachten gefeiert\u201c \u2013 im Sommer. Da n\u00fctzt auch\nalles Augenreiben nichts, die Buchstaben bleiben so stehen. Ja, wir waren auch\nerstaunt und haben im Laufe der Woche \u00f6fter geschmunzelt: beim\nWeihnachtsliedersingen am Er\u00f6ffnungs- und am Abschlussabend (mit kleinem\nBl\u00e4serchor), beim Wichteln am Tannenbaum. Die Bibelarbeiten drehten sich alle\num die Personen, die in der Weihnachtsgeschichte vorkommen. Da haben wir eine\nMenge gelernt und neue Sichtweisen kennengelernt.<\/p>\n\n\n\n<p>Folgende Baustellen fanden statt:<br>\n&#8211; Streichen vieler H\u00fcttenau\u00dfenw\u00e4nde mit Holzschutzfarbe<br>\n&#8211; Streichen der vorderen Dachr\u00e4nder (\u201erotes Dreieck\u201c)<br>\n&#8211; Bau einer Slackline-Anlage (f\u00fcr die Nichtkenner: Seillaufen auf\nLKW-Spanngurten)<br>\n&#8211; Entkernen der H\u00fctte 101 (Playstation) und so wiederherrichten, dass sie als\nSpielh\u00fctte <br>\n&nbsp;&nbsp;&nbsp;&nbsp; wieder benutzbar ist<br>\n&#8211; Gr\u00fcnschnitt um alle H\u00fctten, Rasenm\u00e4hen auf der Hauptfl\u00e4che<br>\n&#8211; Wiederherstellung der kleinen Wege direkt am Lagerkreuz<br>\n&#8211; Bau eines Hydranten an der st\u00e4dtischen Wasserleitung nahe Bundeshalle<br>\n&#8211; diverse Kleinreparaturen aller Art, Grundreinigung der H\u00fctten<br>\n&#8211; M\u00e4hen des Sportplatzes (der ehemalige Ascheplatz ist nun schon fast gr\u00fcn)<br>\n&#8211; Bau von B\u00e4nken<br>\n&#8211; diverse Malerarbeiten an den Steinh\u00e4usern<br>\n&#8211; Plattieren des Weges auf dem Damm am Sportplatz<\/p>\n\n\n\n<p>Ja, es war eine Menge zu tun. Wir haben es mit den 50\nTeilnehmern (inkl. Leitung, K\u00fcchenteam, kleineren Kindern) gut geschafft. Im\nabschlie\u00dfenden Baustellengottesdienst am Freitagabend&nbsp; wurde uns allen noch einmal bewusst, was wir\n\u2013 trotz der Hitze \u2013 alles geschafft haben und dabei von Unf\u00e4llen\/Verletzungen\nverschont blieben. Da passte das anschlie\u00dfende Wichteln wunderbar \u2013 auch mitten\nim Sommer.<br>\nDer Freitagabend wurde besonders sp\u00e4t, schlie\u00dflich wartete keine Baustelle\nmehr, sondern nur noch die Heimfahrt am Samstagvormittag.<\/p>\n\n\n\n<p>Abschlie\u00dfend m\u00f6chte ich sagen, dass wir wieder eine\ngottbegleitete Woche voller Erfahrungen erlebt haben. Auch n\u00e4chstes Jahr hei\u00dft\nes wieder \u201eauf nach Michelstadt\u201c.<\/p>\n\n\n\n<p>Autor: Georg Hucks<\/p>\n\n\n\n<p>P.S.: Die vom CVJM Laar gespendete Kaffeemaschine habe ich\ndie ganze Woche in Aktion gesehen, denn es gibt ja Kaffeetrinker, die sich auch\nvon der Hitze nicht st\u00f6ren lassen. Ich soll u. a. vom K\u00fcchenteam einen\nherzlichen Dank ausrichten. Die Maschine l\u00e4uft prima.<\/p>\n","protected":false},"excerpt":{"rendered":"<p>Es war Sommer \u2026 in Michelstadt In der hei\u00dfesten Woche des Jahres 2016 fand das diesj\u00e4hrige Bau- und Bibelcamp \u2013 das 12. seiner Art \u2013 statt. Ich habe mich wie in Australien gef\u00fchlt \u2013 in zweifacher Hinsicht (mehr dazu weiter unten). Ich war zum 10. Mal mit dabei und habe wieder sehr intensive Tage erlebt. [&hellip;]<\/p>\n","protected":false},"author":3,"featured_media":0,"parent":559,"menu_order":5,"comment_status":"closed","ping_status":"closed","template":"","meta":{"footnotes":""},"class_list":["post-578","page","type-page","status-publish","hentry"],"_links":{"self":[{"href":"https:\/\/cvjm-meiderich.de\/index.php\/wp-json\/wp\/v2\/pages\/578","targetHints":{"allow":["GET"]}}],"collection":[{"href":"https:\/\/cvjm-meiderich.de\/index.php\/wp-json\/wp\/v2\/pages"}],"about":[{"href":"https:\/\/cvjm-meiderich.de\/index.php\/wp-json\/wp\/v2\/types\/page"}],"author":[{"embeddable":true,"href":"https:\/\/cvjm-meiderich.de\/index.php\/wp-json\/wp\/v2\/users\/3"}],"replies":[{"embeddable":true,"href":"https:\/\/cvjm-meiderich.de\/index.php\/wp-json\/wp\/v2\/comments?post=578"}],"version-history":[{"count":0,"href":"https:\/\/cvjm-meiderich.de\/index.php\/wp-json\/wp\/v2\/pages\/578\/revisions"}],"up":[{"embeddable":true,"href":"https:\/\/cvjm-meiderich.de\/index.php\/wp-json\/wp\/v2\/pages\/559"}],"wp:attachment":[{"href":"https:\/\/cvjm-meiderich.de\/index.php\/wp-json\/wp\/v2\/media?parent=578"}],"curies":[{"name":"wp","href":"https:\/\/api.w.org\/{rel}","templated":true}]}}