{"id":565,"date":"2019-08-16T16:25:41","date_gmt":"2019-08-16T14:25:41","guid":{"rendered":"http:\/\/cvjm-meiderich.de\/?page_id=565"},"modified":"2019-08-16T16:25:41","modified_gmt":"2019-08-16T14:25:41","slug":"bau-und-bibelcamp-2019","status":"publish","type":"page","link":"https:\/\/cvjm-meiderich.de\/index.php\/verein\/projekte\/bau-und-bibelcamps\/bau-und-bibelcamp-2019\/","title":{"rendered":"Bau- und Bibelcamp 2019"},"content":{"rendered":"\n<p style=\"text-align:center\"><strong>15. Auflage \u2013 DANKBAR<\/strong><\/p>\n\n\n\n<p>Vom 13.-20.7.2019 trafen sich knapp 60 Leute von 0-75\nJahren, um das Camp zu modernisieren und instand zu halten. Es war eine gro\u00dfe\nAltersspanne, die aber der Gemeinschaft keinen Abbruch tat. Sie ist vielmehr\nein Zeichen f\u00fcr die Fortentwicklung. Junge Erwachsene, die seit Jahren zum BBC\nkommen, haben geheiratet und Familien gegr\u00fcndet. Ihre innere Verbindung zum\nCamp f\u00fchrt sie Jahr f\u00fcr Jahr nach Michelstadt \u2013 auch jetzt als Familie. Und in\nso einer gro\u00dfen Gemeinschaft gibt es f\u00fcr jeden etwas zu tun. Kurzum: \u00fcber die\nTeilnehmergemeinschaft konnten wir uns nicht beklagen.<\/p>\n\n\n\n<figure class=\"wp-block-image\"><img decoding=\"async\" src=\"https:\/\/cvjm-meiderich.de\/wp-content\/uploads\/2019\/08\/K1600_77DA4DFC-F5C2-4A79-8934-01FEC3DB9DA7-1440x1080.jpg\" alt=\"\" class=\"wp-image-574\"\/><\/figure>\n\n\n\n<p>\u201eDas war das k\u00fchlste BBC, das ich erlebt habe!\u201c, war meine\nAntwort auf die \u00fcbliche Heimkehrer-Frage \u201eWie war\u2019s?\u201c. Die ersten N\u00e4chte\nbrachten Temperaturen um 10 Grad \u2013 v\u00f6llig ungewohnt. Tags\u00fcber waren es dann\nangenehme 20-25 Grad, die zum Ende der Woche auch wieder an der 30-Grad-Grenze\nkratzten. Der Regen hielt sich dennoch in Grenzen (Sonntag beim Abendessen,\nFreitagnachmittag im Baustellenendspurt). Kurzum: \u00fcber das Wetter konnten wir\nuns nicht beklagen.<\/p>\n\n\n\n<p>Nachdem wir im letzten Jahr mit den BBC-Teilnehmern den\nGottesdienst der Stadtmission in Michelstadt besucht hatten, sollte nun der\nGegenbesuch stattfinden. Die Einladung an die Geschwister, die uns in vielerlei\nHinsicht eng verbunden sind, stand f\u00fcr den Sonntagsgottesdienst um 10 Uhr mit\nanschlie\u00dfendem Mittagessen an. Reiner Lux war skeptisch hinsichtlich der Anzahl\nder G\u00e4ste \u201evielleicht kommen so 10-15 Leute \u2013 es ist ja nicht ihr gewohnter\nGottesdienstort\u201c. Bereits vor halb zehn trafen die ersten Autos ein, um kurz\nvor zehn stellte einer die Frage \u201eSind wir schon in den Verkehrsnachrichten?\u201c.\nEtwa 50-60 G\u00e4ste waren eingetroffen \u2013 wir hatten schnell noch ein paar\nStuhlreihen in der Bundeshalle erg\u00e4nzt. Nach dem sehr musikalischen\nGottesdienst zum Thema \u201eDankbar\u201c (war auch das Wochenthema des BBC)\nunterhielten wir uns mit den G\u00e4sten und f\u00fchrten sie durch\u2019s Camp. Die J\u00fcngeren\nnutzten zahlreiche Freizeitsportangebote. Flei\u00dfige H\u00e4nde r\u00e4umten die\nBundeshalle von Gottesdienstbestuhlung auf gedeckte Tische um. Das K\u00fcchenteam\nschwitzte, war aber flexibel genug, und konnte beim Mittagessen die \u00fcber 100\nM\u00e4gen zufriedenstellend f\u00fcllen. Kurzum: \u00fcber die Begegnung mit der Stadtmission\nkonnten wir uns nicht beklagen.<\/p>\n\n\n\n<p>Das K\u00fcchenteam war auch dieses Jahr wieder spitze. Sie haben\nuns sehr vielf\u00e4ltig und interessant bekocht \u2013 keiner musste mit hungrig\nweiterarbeiten. Ingrid und Friedrich-Wilhelm Schn\u00f6ring hatten die K\u00fcchenleiterin\nAnnelie Korte seit Jahren unterst\u00fctzt. Doch dieses Jahr war es altersbedingt\nihre letzte Teilnahme beim BBC. Ein Abschied, doch auch ein Neubeginn:\nAnn-Kristin Metz-Klemen und Vanessa Tamke aus dem Teilnehmerkreis haben sich\nbereiterkl\u00e4rt, im n\u00e4chsten Jahr das K\u00fcchenteam zu unterst\u00fctzen und auch die\nNachfolge von Annelie einzuleiten.<br>\nDas Buffet im Zusammenhang mit dem Baustellengottesdienst am Freitagabend war wieder\ndie Kr\u00f6nung der Woche.<br>\nKurzum: \u00fcber die kulinarische Versorgung konnten wir uns nicht beklagen.<\/p>\n\n\n\n<p>Nicht nur im Bereich K\u00fcche waren personelle Ver\u00e4nderungen\nein Thema, sondern auch im Leitungsteam. Reiner Lux wird zum Jahreswechsel\nRentner. \u201eMichelstadt ist und bleibt ein Teil meines Herzens; ich bleibe dem\nCamp als Freund aktiv und koordinierend verbunden. Aber das BBC werde ich nicht\nmehr leiten k\u00f6nnen!\u201c Diese Worte von ihm leiteten eine Denkrunde ein, zu der er\nan einem Abend Interessierte aus dem BBC-Kreis eingeladen hatte. Hier sollte\n\u00fcberlegt werden, wie es weitergeht. Hinzu kam, dass der 2. BBC-Leiter Markus\nRapsch von der Westbundleitung im n\u00e4chsten Jahr mit einem anderen Camp betraut\nwurde. Anke Schwarz, die auch Teencamps in Michelstadt leitet, soll sich in\n2020 um das zweite B, also den biblischen Teil, k\u00fcmmern. F\u00fcr das erste B wurde\neine neue Leitung gesucht, die ggf. in Teamform auch J\u00fcngere einbindet. Alle\nsollten sich bis zum Freitag Gedanken machen. Es sind gro\u00dfe Fu\u00dfstapfen, die\nReiner Lux hinterl\u00e4sst. Er wird aber immer noch die Gesamtentwicklung\nmitkoordinieren.<br>\nNach diversen Gespr\u00e4chen habe ich mich bereiterkl\u00e4rt, im n\u00e4chsten Jahr meine\nF\u00fc\u00dfe in diese Fu\u00dfstapfen zu stellen. Ich kann auf 13 BBC\u2019s und etliche\nJungenschaftscamps (inkl. 1x Leitung) zur\u00fcckblicken und vertraue auf den Herrn,\ndass er mir auch bei dieser Aufgabe beisteht. Nachdem bekannt wurde, dass die\nverantwortliche Leitung gefunden war, meldeten sich noch vier junge Erwachsene,\ndie mich im Team unterst\u00fctzen wollen. Es geht also weiter.<br>\nKurzum: \u00fcber die personellen Perspektiven k\u00f6nnen wir uns nicht beklagen.<\/p>\n\n\n\n<p>Zwischendurch und abends ergaben sich viele M\u00f6glichkeiten\nf\u00fcr Sport, Spiel, Spa\u00df und Gespr\u00e4che. Auf der Hacienda wurden diverse Spiele\ngespielt, auf der Wiese gab es u. a. Volleyball. Und zu erz\u00e4hlen hatten sich\nviele auch was \u2013 war doch das BBC der Ort, wo sich Etliche einmal im Jahr\nsahen.<br>\nKurzum: \u00fcber die Gestaltung der freien Zeit konnten wir uns nicht beklagen.<\/p>\n\n\n\n<figure class=\"wp-block-image\"><img decoding=\"async\" src=\"https:\/\/cvjm-meiderich.de\/wp-content\/uploads\/2019\/08\/K1600_70DF9453-FCEE-4899-9729-9C1039B6B678-1440x1080.jpg\" alt=\"\" class=\"wp-image-575\"\/><\/figure>\n\n\n\n<p>Ach ja, neben zahlreichen, t\u00e4glichen Begegnungen mit Gottes\nWort (\u201eWort vor Ort\u201c vor dem Fr\u00fchst\u00fcck, \u201eWort am Kreuz\u201c um 12 Uhr,\n\u201eWorttransport\u201c als Bibelgespr\u00e4ch, \u201eAbschlusswort vor Ort\u201c als Abendabschluss)\nhaben wir auch gearbeitet. Dieses Mal wurden \u201enur\u201c drei Arbeitsgruppen\ngebildet, die aber entsprechend gut besetzt waren.<br>\nEin Team hat sich mit Freischneidern und Rasenm\u00e4hern dem Gr\u00fcn gestellt und auch\neine Reifenschaukel hinter H\u00fctte 119 aufgeh\u00e4ngt. Au\u00dferdem hat es knapp 20 neue\nB\u00e4nke f\u00fcr die Feuerstellen und andere Pl\u00e4tze gebaut. Eine wahrlich muskelstarke\nArbeit.<br>\nDas zweite Team hat sich um den Umbau der kleinen Waldh\u00fctten 113 bis 116\ngek\u00fcmmert. Im Herbst 2018 waren schon einige Vorarbeiten gelaufen, nun ging es\ndrum, die H\u00fctten fertig zu machen. Die klassischen Doppelbetten wurden geteilt\nund anders angeordnet, so dass auch das untere Bett teilweise mehr Kopffreiheit\nhat. Die Anordnung war im letzten Jahr in H\u00fctte 110 entstanden. Da es in den\nWaldh\u00fctten aber keine verschiedenen Konstellationen geben kann, wurde\nentschieden, die Individualit\u00e4t der jeweiligen H\u00fctte durch Farbakzente und\nunterschiedliche Regale hervorzuheben (s. Fotos). P\u00fcnktlich zum Arbeitsende am\nFreitag waren alle vier H\u00fctten fertig f\u00fcr die Teencamper.<br>\nDas dritte Team k\u00fcmmerte sich um ganz viel Kleinkram (Putz-, Maler-,\nElektro-Arbeiten; diverse Reparaturen). Au\u00dferdem wurde ein \u201eHau den Lux\u201c (eher\nbekannt unter \u201eHau den Lukas\u201c) gebaut.<br>\nAm Freitag baute ein gemischtes Team dann noch das gro\u00dfe Zelt f\u00fcr die Teencamps\nauf \u2013 in Rekordzeit. Am Ende der Woche war wieder viel geschafft und das Camp\nger\u00fcstet. <br>\nKurzum: \u00fcber die geschafften Arbeiten konnten wir uns nicht beklagen.<\/p>\n\n\n\n<div class=\"wp-block-image\"><figure class=\"aligncenter is-resized\"><img loading=\"lazy\" decoding=\"async\" src=\"https:\/\/cvjm-meiderich.de\/wp-content\/uploads\/2019\/08\/IMG_20190720_080108-610x1080.jpg\" alt=\"\" class=\"wp-image-573\" width=\"258\" height=\"456\"\/><figcaption>dav<\/figcaption><\/figure><\/div>\n\n\n\n<figure class=\"wp-block-image\"><img decoding=\"async\" src=\"https:\/\/cvjm-meiderich.de\/wp-content\/uploads\/2019\/08\/IMG_20190720_080047-1913x1080.jpg\" alt=\"\" class=\"wp-image-571\"\/><figcaption>dav<\/figcaption><\/figure>\n\n\n\n<figure class=\"wp-block-image\"><img decoding=\"async\" src=\"https:\/\/cvjm-meiderich.de\/wp-content\/uploads\/2019\/08\/IMG_20190720_080357-1913x1080.jpg\" alt=\"\" class=\"wp-image-572\"\/><figcaption>dav<\/figcaption><\/figure>\n\n\n\n<p>Am Samstag war das Camp ruckzuck aufger\u00e4umt. Hier zeigte\nsich die Erfahrung von den zahlreichen \u201eWiederholungsteilnehmern\u201c, welche auch\ndie Neulinge gut mitnahmen. Nach einem gro\u00dfen Verabschiedungskreis\ngingen\/fuhren wir alle unserer Wege. Doch wir werden uns wiedersehen: im BBC\noder an anderer Stelle im CVJM.<br>\nKurzum: \u00fcber das gesamte BBC konnten wir uns nicht beklagen. Herr, wir sind Dir\nDANKBAR!<\/p>\n\n\n\n<p>&nbsp;&nbsp;&nbsp;&nbsp;&nbsp;&nbsp;&nbsp;&nbsp;&nbsp;&nbsp;&nbsp;&nbsp;&nbsp;&nbsp;&nbsp;&nbsp;&nbsp;&nbsp;&nbsp;&nbsp;&nbsp;&nbsp;&nbsp;&nbsp;&nbsp;&nbsp;&nbsp;&nbsp;&nbsp;&nbsp;&nbsp;&nbsp;&nbsp;&nbsp;&nbsp;&nbsp;&nbsp;&nbsp;&nbsp;&nbsp;&nbsp;&nbsp;&nbsp;&nbsp;&nbsp;&nbsp;&nbsp;&nbsp;&nbsp;&nbsp;&nbsp;&nbsp;&nbsp;&nbsp;&nbsp;&nbsp;&nbsp;&nbsp;&nbsp;&nbsp;&nbsp;&nbsp;&nbsp;&nbsp;&nbsp;&nbsp;&nbsp;&nbsp;&nbsp;&nbsp;&nbsp;&nbsp;&nbsp;&nbsp;&nbsp;&nbsp;&nbsp;&nbsp;&nbsp;&nbsp;&nbsp;&nbsp;&nbsp;&nbsp;&nbsp;&nbsp;&nbsp;&nbsp;&nbsp;&nbsp;&nbsp;&nbsp;&nbsp;&nbsp;&nbsp;&nbsp;&nbsp;&nbsp;&nbsp;&nbsp;&nbsp;&nbsp;&nbsp;&nbsp;&nbsp;&nbsp;&nbsp;&nbsp;&nbsp;&nbsp;&nbsp;&nbsp;&nbsp;&nbsp;&nbsp;&nbsp;&nbsp;&nbsp;&nbsp;&nbsp;&nbsp;&nbsp;&nbsp;&nbsp;&nbsp;&nbsp;&nbsp;&nbsp;&nbsp;&nbsp;&nbsp;&nbsp;&nbsp;&nbsp;&nbsp;&nbsp;&nbsp;&nbsp; Autor: Georg Hucks<\/p>\n","protected":false},"excerpt":{"rendered":"<p>15. Auflage \u2013 DANKBAR Vom 13.-20.7.2019 trafen sich knapp 60 Leute von 0-75 Jahren, um das Camp zu modernisieren und instand zu halten. Es war eine gro\u00dfe Altersspanne, die aber der Gemeinschaft keinen Abbruch tat. Sie ist vielmehr ein Zeichen f\u00fcr die Fortentwicklung. Junge Erwachsene, die seit Jahren zum BBC kommen, haben geheiratet und Familien [&hellip;]<\/p>\n","protected":false},"author":3,"featured_media":0,"parent":559,"menu_order":4,"comment_status":"closed","ping_status":"closed","template":"","meta":{"footnotes":""},"class_list":["post-565","page","type-page","status-publish","hentry"],"_links":{"self":[{"href":"https:\/\/cvjm-meiderich.de\/index.php\/wp-json\/wp\/v2\/pages\/565","targetHints":{"allow":["GET"]}}],"collection":[{"href":"https:\/\/cvjm-meiderich.de\/index.php\/wp-json\/wp\/v2\/pages"}],"about":[{"href":"https:\/\/cvjm-meiderich.de\/index.php\/wp-json\/wp\/v2\/types\/page"}],"author":[{"embeddable":true,"href":"https:\/\/cvjm-meiderich.de\/index.php\/wp-json\/wp\/v2\/users\/3"}],"replies":[{"embeddable":true,"href":"https:\/\/cvjm-meiderich.de\/index.php\/wp-json\/wp\/v2\/comments?post=565"}],"version-history":[{"count":0,"href":"https:\/\/cvjm-meiderich.de\/index.php\/wp-json\/wp\/v2\/pages\/565\/revisions"}],"up":[{"embeddable":true,"href":"https:\/\/cvjm-meiderich.de\/index.php\/wp-json\/wp\/v2\/pages\/559"}],"wp:attachment":[{"href":"https:\/\/cvjm-meiderich.de\/index.php\/wp-json\/wp\/v2\/media?parent=565"}],"curies":[{"name":"wp","href":"https:\/\/api.w.org\/{rel}","templated":true}]}}