{"id":542,"date":"2019-08-16T15:18:25","date_gmt":"2019-08-16T13:18:25","guid":{"rendered":"http:\/\/cvjm-meiderich.de\/?page_id=542"},"modified":"2025-02-08T13:48:58","modified_gmt":"2025-02-08T12:48:58","slug":"badminton","status":"publish","type":"page","link":"https:\/\/cvjm-meiderich.de\/index.php\/verein\/aktivitaeten\/badminton\/","title":{"rendered":"Badminton"},"content":{"rendered":"\n<p><s>Fast jeden Freitag (au\u00dferhalb der Ferien) treffen wir uns in der Halle der Grundschule an der Karolinenstr., von 18-20 Uhr, um ein paar Runden hobbym\u00e4\u00dfig Badminton zu spielen.<br>Bei Interesse am Besten unter cvjm-meiderich(at)t-online.de nachh\u00f6ren, wann das n\u00e4chste Treffen ist. <br>Mindestalter: 18 Jahre.<\/s><\/p>\n\n\n\n<p>Im Moment findet die Gruppe nicht statt.<\/p>\n","protected":false},"excerpt":{"rendered":"<p>Fast jeden Freitag (au\u00dferhalb der Ferien) treffen wir uns in der Halle der Grundschule an der Karolinenstr., von 18-20 Uhr, um ein paar Runden hobbym\u00e4\u00dfig Badminton zu spielen.Bei Interesse am Besten unter cvjm-meiderich(at)t-online.de nachh\u00f6ren, wann das n\u00e4chste Treffen ist. Mindestalter: 18 Jahre. Im Moment findet die Gruppe nicht statt.<\/p>\n","protected":false},"author":3,"featured_media":0,"parent":538,"menu_order":1,"comment_status":"closed","ping_status":"closed","template":"","meta":{"footnotes":""},"class_list":["post-542","page","type-page","status-publish","hentry"],"_links":{"self":[{"href":"https:\/\/cvjm-meiderich.de\/index.php\/wp-json\/wp\/v2\/pages\/542","targetHints":{"allow":["GET"]}}],"collection":[{"href":"https:\/\/cvjm-meiderich.de\/index.php\/wp-json\/wp\/v2\/pages"}],"about":[{"href":"https:\/\/cvjm-meiderich.de\/index.php\/wp-json\/wp\/v2\/types\/page"}],"author":[{"embeddable":true,"href":"https:\/\/cvjm-meiderich.de\/index.php\/wp-json\/wp\/v2\/users\/3"}],"replies":[{"embeddable":true,"href":"https:\/\/cvjm-meiderich.de\/index.php\/wp-json\/wp\/v2\/comments?post=542"}],"version-history":[{"count":2,"href":"https:\/\/cvjm-meiderich.de\/index.php\/wp-json\/wp\/v2\/pages\/542\/revisions"}],"predecessor-version":[{"id":1199,"href":"https:\/\/cvjm-meiderich.de\/index.php\/wp-json\/wp\/v2\/pages\/542\/revisions\/1199"}],"up":[{"embeddable":true,"href":"https:\/\/cvjm-meiderich.de\/index.php\/wp-json\/wp\/v2\/pages\/538"}],"wp:attachment":[{"href":"https:\/\/cvjm-meiderich.de\/index.php\/wp-json\/wp\/v2\/media?parent=542"}],"curies":[{"name":"wp","href":"https:\/\/api.w.org\/{rel}","templated":true}]}}