{"id":29,"date":"2019-07-01T16:27:24","date_gmt":"2019-07-01T14:27:24","guid":{"rendered":"http:\/\/cvjm-meiderich.de\/?page_id=29"},"modified":"2024-08-05T16:49:35","modified_gmt":"2024-08-05T14:49:35","slug":"impressum","status":"publish","type":"page","link":"https:\/\/cvjm-meiderich.de\/index.php\/impressum\/","title":{"rendered":"Impressum"},"content":{"rendered":"\n<h3 class=\"wp-block-heading\">Angaben gem\u00e4\u00df \u00a75 TMG:<\/h3>\n\n\n\n<p>\n\n\n\n\n\n\n\n\n\n\n\n\n\n\n\n\n\nCVJM\nMeiderich e. V.<br>\nEmilstr. 27\/29<br>\n47138 Duisburg\n\n\n\n<\/p>\n\n\n\n<h3 class=\"wp-block-heading\"><strong>Vertreten durch:<\/strong><\/h3>\n\n\n\n<p>\n\n\n\n\n\n\n\n\n\n\n\n\n\n\n\n\n\nHans-Bernd\nPreu\u00df<br>\nWolfgang Pauli<br>\nDagmar Preu\u00df<br>\nGeorg Hucks\n\n\n\n<\/p>\n\n\n\n<h3 class=\"wp-block-heading\"><strong>Kontakt:<\/strong><\/h3>\n\n\n\n<p>\n\n\n\n\n\n\n\n\n\n\n\n\n\n\n\n\n\nE-Mail: <a href=\"mailto:cvjm-meiderich@t-online.de\">cvjm-meiderich@t-online.de<\/a><\/p>\n\n\n\n<h3 class=\"wp-block-heading\"><strong>Registereintrag:<\/strong><\/h3>\n\n\n\n<p>\n\n\n\n\n\n\n\n\n\n\n\n\n\n\n\n\n\nRegistergericht:\nVereinsregister beim Amtsgericht Duisburg<br>\nRegisternummer: VR 1795\n\n\n\n<\/p>\n\n\n\n<h3 class=\"wp-block-heading\"><strong>Verantwortlich f\u00fcr den Inhalt nach \u00a7 55 Abs. 2 RStV: <\/strong><\/h3>\n\n\n\n<p>\n\n\n\n\n\n\n\n\n\n\n\n\n\n\n\n\n\nGeorg\nHucks<br>\nHolderberger Str. 133a<br>\n47447 Moers\n\n\n\n<\/p>\n\n\n\n<h3 class=\"wp-block-heading\"><strong>Streitschlichtung:<\/strong><\/h3>\n\n\n\n<p>\n\n\n\n\n\n\n\n\n\n\n\n\n\n\n\n\n\nDie Europ\u00e4ische\nKommission stellt eine Plattform zur Online-Streitbeilegung (OS) bereit:<br><a href=\"https:\/\/ec.europa.eu\/consumers\/odr\">https:\/\/ec.europa.eu\/consumers\/odr<\/a>.<br>\nUnsere E-Mail-Adresse finden Sie oben im Impressum.<br>\nWir sind nicht bereit oder verpflichtet, an Streitbeilegungsverfahren vor einer\nVerbraucherschlichtungsstelle teilzunehmen.\n\n\n\n<\/p>\n\n\n\n<h3 class=\"wp-block-heading\"><strong>Haftung f\u00fcr Inhalte:<\/strong><\/h3>\n\n\n\n<p>\n\n\n\n\n\n\n\n\n\n\n\n\n\n\n\n\n\nAls\nDiensteanbieter sind wir gem\u00e4\u00df \u00a7 7 Abs.1 TMG f\u00fcr eigene Inhalte auf diesen\nSeiten nach den allgemeinen Gesetzen verantwortlich. Nach \u00a7\u00a7 8 bis 10 TMG sind\nwir als Diensteanbieter jedoch nicht verpflichtet, \u00fcbermittelte oder\ngespeicherte fremde Informationen zu \u00fcberwachen oder nach Umst\u00e4nden zu\nforschen, die auf eine rechtswidrige T\u00e4tigkeit hinweisen.<br>\nVerpflichtungen zur Entfernung oder Sperrung der Nutzung von Informationen nach\nden allgemeinen Gesetzen bleiben hiervon unber\u00fchrt. Eine diesbez\u00fcgliche Haftung\nist jedoch erst ab dem Zeitpunkt der Kenntnis einer konkreten Rechtsverletzung\nm\u00f6glich. Bei Bekanntwerden von entsprechenden Rechtsverletzungen werden wir\ndiese Inhalte umgehend entfernen.\n\n\n\n<\/p>\n\n\n\n<h3 class=\"wp-block-heading\"><strong>Haftung f\u00fcr Links:<\/strong><\/h3>\n\n\n\n<p>\n\n\n\n\n\n\n\n\n\n\n\n\n\n\n\n\n\nUnser\nAngebot enth\u00e4lt Links zu externen Websites Dritter, auf deren Inhalte wir\nkeinen Einfluss haben. Deshalb k\u00f6nnen wir f\u00fcr diese fremden Inhalte auch keine\nGew\u00e4hr \u00fcbernehmen. F\u00fcr die Inhalte der verlinkten Seiten ist stets der\njeweilige Anbieter oder Betreiber der Seiten verantwortlich. Die verlinkten\nSeiten wurden zum Zeitpunkt der Verlinkung auf m\u00f6gliche Rechtsverst\u00f6\u00dfe\n\u00fcberpr\u00fcft. Rechtswidrige Inhalte waren zum Zeitpunkt der Verlinkung nicht\nerkennbar.<br>\nEine permanente inhaltliche Kontrolle der verlinkten Seiten ist jedoch ohne\nkonkrete Anhaltspunkte einer Rechtsverletzung nicht zumutbar. Bei Bekanntwerden\nvon Rechtsverletzungen werden wir derartige Links umgehend entfernen.\n\n\n\n<\/p>\n\n\n\n<h3 class=\"wp-block-heading\"><strong>Urheberrecht:<\/strong><\/h3>\n\n\n\n<p>\n\n\n\n\n\n\n\n\n\n\n\n\n\n\n\n\n\nDie durch\ndie Seitenbetreiber erstellten Inhalte und Werke auf diesen Seiten unterliegen\ndem deutschen Urheberrecht. Die Vervielf\u00e4ltigung, Bearbeitung, Verbreitung und\njede Art der Verwertung au\u00dferhalb der Grenzen des Urheberrechtes bed\u00fcrfen der\nschriftlichen Zustimmung des jeweiligen Autors bzw. Erstellers. Downloads und\nKopien dieser Seite sind nur f\u00fcr den privaten, nicht kommerziellen Gebrauch\ngestattet.<br>\nSoweit die Inhalte auf dieser Seite nicht vom Betreiber erstellt wurden, werden\ndie Urheberrechte Dritter beachtet. Insbesondere werden Inhalte Dritter als\nsolche gekennzeichnet. Sollten Sie trotzdem auf eine Urheberrechtsverletzung\naufmerksam werden, bitten wir um einen entsprechenden Hinweis. Bei\nBekanntwerden von Rechtsverletzungen werden wir derartige Inhalte umgehend\nentfernen.\n\n\n\n<\/p>\n\n\n\n<h2 class=\"wp-block-heading\"><strong>Konzeption, Realisierung und Betreuung:<\/strong><\/h2>\n\n\n\n<p>Markus Hucks<br>Kiefernweg 1 <br>47447 Moers<br><a href=\"mailto:markus@mhucks.de\">markus@mhucks.de<\/a> <br><a href=\"https:\/\/mhucks.de\">mhucks.de<\/a><\/p>\n","protected":false},"excerpt":{"rendered":"<p>Angaben gem\u00e4\u00df \u00a75 TMG: CVJM Meiderich e. V. Emilstr. 27\/29 47138 Duisburg Vertreten durch: Hans-Bernd Preu\u00df Wolfgang Pauli Dagmar Preu\u00df Georg Hucks Kontakt: E-Mail: cvjm-meiderich@t-online.de Registereintrag: Registergericht: Vereinsregister beim Amtsgericht Duisburg Registernummer: VR 1795 Verantwortlich f\u00fcr den Inhalt nach \u00a7 55 Abs. 2 RStV: Georg Hucks Holderberger Str. 133a 47447 Moers Streitschlichtung: Die Europ\u00e4ische Kommission [&hellip;]<\/p>\n","protected":false},"author":1,"featured_media":0,"parent":0,"menu_order":99,"comment_status":"closed","ping_status":"closed","template":"page-menu.php","meta":{"footnotes":""},"class_list":["post-29","page","type-page","status-publish","hentry"],"_links":{"self":[{"href":"https:\/\/cvjm-meiderich.de\/index.php\/wp-json\/wp\/v2\/pages\/29","targetHints":{"allow":["GET"]}}],"collection":[{"href":"https:\/\/cvjm-meiderich.de\/index.php\/wp-json\/wp\/v2\/pages"}],"about":[{"href":"https:\/\/cvjm-meiderich.de\/index.php\/wp-json\/wp\/v2\/types\/page"}],"author":[{"embeddable":true,"href":"https:\/\/cvjm-meiderich.de\/index.php\/wp-json\/wp\/v2\/users\/1"}],"replies":[{"embeddable":true,"href":"https:\/\/cvjm-meiderich.de\/index.php\/wp-json\/wp\/v2\/comments?post=29"}],"version-history":[{"count":1,"href":"https:\/\/cvjm-meiderich.de\/index.php\/wp-json\/wp\/v2\/pages\/29\/revisions"}],"predecessor-version":[{"id":1160,"href":"https:\/\/cvjm-meiderich.de\/index.php\/wp-json\/wp\/v2\/pages\/29\/revisions\/1160"}],"wp:attachment":[{"href":"https:\/\/cvjm-meiderich.de\/index.php\/wp-json\/wp\/v2\/media?parent=29"}],"curies":[{"name":"wp","href":"https:\/\/api.w.org\/{rel}","templated":true}]}}