{"id":139,"date":"2019-07-11T15:37:19","date_gmt":"2019-07-11T13:37:19","guid":{"rendered":"http:\/\/cvjm-meiderich.de\/?page_id=139"},"modified":"2019-07-11T15:37:19","modified_gmt":"2019-07-11T13:37:19","slug":"vorstand","status":"publish","type":"page","link":"https:\/\/cvjm-meiderich.de\/index.php\/verein\/vorstand\/","title":{"rendered":"Vorstand"},"content":{"rendered":"\n<ul class=\"wp-block-list\"><li>1. Vorsitzender: Hans-Bernd Preu\u00df<\/li><li>2. Vorsitzender: Wolfgang Pauli<\/li><li>Kassierer: Georg Hucks<\/li><li>Schriftf\u00fchrerin: Dagmar Preu\u00df<\/li><li>Beisitzerin: Andrea K\u00fcrbis<\/li><\/ul>\n","protected":false},"excerpt":{"rendered":"<p>1. Vorsitzender: Hans-Bernd Preu\u00df 2. Vorsitzender: Wolfgang Pauli Kassierer: Georg Hucks Schriftf\u00fchrerin: Dagmar Preu\u00df Beisitzerin: Andrea K\u00fcrbis<\/p>\n","protected":false},"author":1,"featured_media":0,"parent":135,"menu_order":3,"comment_status":"closed","ping_status":"closed","template":"page-menu.php","meta":{"footnotes":""},"class_list":["post-139","page","type-page","status-publish","hentry"],"_links":{"self":[{"href":"https:\/\/cvjm-meiderich.de\/index.php\/wp-json\/wp\/v2\/pages\/139","targetHints":{"allow":["GET"]}}],"collection":[{"href":"https:\/\/cvjm-meiderich.de\/index.php\/wp-json\/wp\/v2\/pages"}],"about":[{"href":"https:\/\/cvjm-meiderich.de\/index.php\/wp-json\/wp\/v2\/types\/page"}],"author":[{"embeddable":true,"href":"https:\/\/cvjm-meiderich.de\/index.php\/wp-json\/wp\/v2\/users\/1"}],"replies":[{"embeddable":true,"href":"https:\/\/cvjm-meiderich.de\/index.php\/wp-json\/wp\/v2\/comments?post=139"}],"version-history":[{"count":0,"href":"https:\/\/cvjm-meiderich.de\/index.php\/wp-json\/wp\/v2\/pages\/139\/revisions"}],"up":[{"embeddable":true,"href":"https:\/\/cvjm-meiderich.de\/index.php\/wp-json\/wp\/v2\/pages\/135"}],"wp:attachment":[{"href":"https:\/\/cvjm-meiderich.de\/index.php\/wp-json\/wp\/v2\/media?parent=139"}],"curies":[{"name":"wp","href":"https:\/\/api.w.org\/{rel}","templated":true}]}}